{"id":19896,"date":"2022-04-11T13:12:11","date_gmt":"2022-04-11T11:12:11","guid":{"rendered":"https:\/\/www.fresopolis-mallorca.com\/allgemeine-geschaeftsbedingungen-tierpatenschaft\/"},"modified":"2022-04-11T13:23:10","modified_gmt":"2022-04-11T11:23:10","slug":"allgemeine-geschaeftsbedingungen-tierpatenschaft","status":"publish","type":"page","link":"https:\/\/www.fresopolis-mallorca.com\/de\/allgemeine-geschaeftsbedingungen-tierpatenschaft\/","title":{"rendered":"Allgemeine Gesch\u00e4ftsbedingungen Tierpatenschaft"},"content":{"rendered":"<section class=\"l-section wpb_row height_medium\"><div class=\"l-section-h i-cf\"><div class=\"g-cols vc_row via_flex valign_top type_default stacking_default\"><div class=\"vc_col-sm-12 wpb_column vc_column_container\"><div class=\"vc_column-inner\"><div class=\"wpb_wrapper\"><div class=\"wpb_text_column us_custom_e2aee182\"><div class=\"wpb_wrapper\"><h1 style=\"font-size: 1.4rem;\">Tierpatenschaften auf Fresopolis &#8211; Allgemeine Gesch\u00e4ftsbedingungen<\/h1>\n<\/div><\/div><div class=\"w-separator size_small\"><\/div><div class=\"wpb_text_column\"><div class=\"wpb_wrapper\"><p><strong>1. Geltungsbereich<\/strong><\/p>\n<p>Diese allgemeinen Gesch\u00e4ftsbedingungen gelten f\u00fcr Vertr\u00e4ge \u00fcber den Abschluss einer Tierpatenschaft zwischen dem Unternehmen Portinus Invest SL mit Sitz Poligono 8, Parcela 171, 07620 Llucmajor, C.I.F. B 57928129, Inhaber der Webseite www.fresopolis-mallorca.com (im Folgenden \u201cFresopolis\u201d), und dem Auftraggeber, (im Folgenden \u201cKunde\u201d).<\/p>\n<p><strong>2. Kunden und Paten<\/strong><\/p>\n<p>Der Kunde hat die M\u00f6glichkeit, Vertr\u00e4ge \u00fcber eine oder mehrere Patenschaften f\u00fcr sich selbst oder f\u00fcr eine dritte Person abzuschlie\u00dfen (d.h. die Patenschaft zu verschenken). In letzterem Fall sind Kunde und Pate unterschiedliche Personen.<\/p>\n<p><strong>3. Patenschaften<\/strong><\/p>\n<p><strong>3.1<\/strong> Zweck der Tierpatenschaft<br \/>\nMit einer Tierpatenschaft unterst\u00fctzt der Kunde Fresopolis in erster Linie bei der Versorgung und Unterbringung der Paten-Tier(e) sowie allgemein die Initiativen von Fresopolis im Bereich von Rettungsaktionen in Not geratener Nutztiere. Im Bedarfsfall werden Patengelder auch f\u00fcr andere Tiere eingesetzt, vorausgesetzt, die augenblicklichen Kosten f\u00fcr das eigentliche Paten-Tier sind vollst\u00e4ndig gedeckt.<\/p>\n<p><strong>3.2<\/strong> Eine Patenschaft l\u00e4uft grunds\u00e4tzlich so lange, wie der Kunde es w\u00fcnscht. Im Fall, dass das Paten-Tier jedoch in gute H\u00e4nde vermittelt wird oder sollte es versterben, endet die Patenschaft fu\u0308r das entsprechende Tier automatisch. Nach R\u00fccksprache mit dem Paten wird die Patenschaft in diesen F\u00e4llen auf ein anderes bed\u00fcrftiges Tier \u00fcbertragen.<\/p>\n<p><strong>3.3<\/strong> Eine Tierpatenschaft kann f\u00fcr eine Mindestdauer von einem Monat \u00fcbernommen und ab einem Betrag von 15 Euro pro Monat abgeschlossen werden. Der in der Patenschaftsvereinbarung festgelegte Betrag kann bei einer Dauerpatenschaft monatlich, viertel-, halb- oder j\u00e4hrlich per Dauerauftrag online oder in bar bezahlt werden. Die Patenschaft verl\u00e4ngert sich automatisch auf unbeschr\u00e4nkte Zeit, solange Fresopolis eine Einzugserm\u00e4chtigung vorliegt. Die Patenschaft kann monatlich gek\u00fcndigt werden (K\u00fcndigungsfrist: 2 Wochen) und\/oder endet automatisch bei Nicht-Zahlung.<\/p>\n<p><strong>3.4<\/strong> Jeder Patin\/ jedem Paten wird nach Zahlungseingang eine Patenschaftsurkunde mit dem Foto des Paten-Tiers zugesandt. Grunds\u00e4tzlich kann der Tierpate sein Tier ohne Voranmeldung innerhalb der offiziellen \u00d6ffnungszeiten oder nach Absprache auf dem Gel\u00e4nde von Fresopolis besuchen. Eine Garantie f\u00fcr den Einlass und den Besuch des Patentiers kann Fresopolis jedoch lediglich bei Vorlage einer schriftlich best\u00e4tigten Reservierung geben.<\/p>\n<p><strong>3.5<\/strong> Mit der \u00dcbernahme einer Patenschaft gehen an den Paten keinerlei Rechte wie beispielsweise ein Verf\u00fcgungsrecht oder das Recht auf die Bestimmung des Aufenthaltsorts des Paten-Tiers \u00fcber.<\/p>\n<p><strong>3.6<\/strong> Unsere Tierpatenschaften sind Teilpatenschaften und nicht exklusiv. In diesem Sinne kann f\u00fcr ein und das selbe Tier von mehreren Paten eine Patenschaft abgeschlossen werden. Zudem besteht die M\u00f6glichkeit, neben der Patenschaft f\u00fcr ein konkretes Tier auch eine Patenschaft fu\u0308r eine bestimmte Tiergruppe zu \u00fcbernehmen.<\/p>\n<p><strong>4. Verwendung der Beitr\u00e4ge<\/strong><\/p>\n<p>Die von Fresopolis im Rahmen der Patenschaft vom Kunden erhaltenen Betr\u00e4ge stehen Fresopolis zur freien Verf\u00fcgung. Auf diese Weise unterst\u00fctzt der Kunde \u00fcber sein Paten-Tier hinaus auch die auf Fresopolis praktizierte Form der Landwirtschaft, die eigenen Konzepten folgt und darauf ausgerichtet ist, positive Effekte f\u00fcr Landschaft, Tiere und die regionale Bev\u00f6lkerung zu erzielen.<\/p>\n<p><strong>5. Ausschluss von Anspr\u00fcchen<\/strong><\/p>\n<p>Weder f\u00fcr den Paten noch f\u00fcr den Kunden ergeben sich aus der Patenschaft Anspr\u00fcche an Fresopolis, die \u00fcber den Inhalt der Punkten 3 und 4 hinausgehen.<\/p>\n<\/div><\/div><\/div><\/div><\/div><\/div><\/div><\/section>\n","protected":false},"excerpt":{"rendered":"Tierpatenschaften auf Fresopolis &#8211; Allgemeine Gesch\u00e4ftsbedingungen 1. Geltungsbereich Diese allgemeinen Gesch\u00e4ftsbedingungen gelten f\u00fcr Vertr\u00e4ge \u00fcber den Abschluss einer Tierpatenschaft zwischen dem Unternehmen Portinus Invest SL mit Sitz Poligono 8, Parcela 171, 07620 Llucmajor, C.I.F. B 57928129, Inhaber der Webseite www.fresopolis-mallorca.com (im Folgenden \u201cFresopolis\u201d), und dem Auftraggeber, (im Folgenden \u201cKunde\u201d). 2. Kunden und Paten Der Kunde...","protected":false},"author":50,"featured_media":0,"parent":0,"menu_order":0,"comment_status":"closed","ping_status":"closed","template":"","meta":{"inline_featured_image":false,"footnotes":""},"class_list":["post-19896","page","type-page","status-publish","hentry"],"yoast_head":"<!-- This site is optimized with the Yoast SEO plugin v27.5 - https:\/\/yoast.com\/product\/yoast-seo-wordpress\/ -->\n<title>Allgemeine Gesch\u00e4ftsbedingungen Tierpatenschaft - Fresopolis Mallorca<\/title>\n<meta name=\"robots\" content=\"index, follow, max-snippet:-1, max-image-preview:large, max-video-preview:-1\" \/>\n<link rel=\"canonical\" href=\"https:\/\/www.fresopolis-mallorca.com\/de\/allgemeine-geschaeftsbedingungen-tierpatenschaft\/\" \/>\n<meta property=\"og:locale\" content=\"de_DE\" \/>\n<meta property=\"og:type\" content=\"article\" \/>\n<meta property=\"og:title\" content=\"Allgemeine Gesch\u00e4ftsbedingungen Tierpatenschaft - Fresopolis Mallorca\" \/>\n<meta property=\"og:url\" content=\"https:\/\/www.fresopolis-mallorca.com\/de\/allgemeine-geschaeftsbedingungen-tierpatenschaft\/\" \/>\n<meta property=\"og:site_name\" content=\"Fresopolis Mallorca\" \/>\n<meta property=\"article:publisher\" content=\"https:\/\/www.facebook.com\/Fresopolis.Mallorca\" \/>\n<meta property=\"article:modified_time\" content=\"2022-04-11T11:23:10+00:00\" \/>\n<meta name=\"twitter:card\" content=\"summary_large_image\" \/>\n<meta name=\"twitter:label1\" content=\"Gesch\u00e4tzte Lesezeit\" \/>\n\t<meta name=\"twitter:data1\" content=\"3\u00a0Minuten\" \/>\n<script type=\"application\/ld+json\" class=\"yoast-schema-graph\">{\"@context\":\"https:\\\/\\\/schema.org\",\"@graph\":[{\"@type\":\"WebPage\",\"@id\":\"https:\\\/\\\/www.fresopolis-mallorca.com\\\/de\\\/allgemeine-geschaeftsbedingungen-tierpatenschaft\\\/\",\"url\":\"https:\\\/\\\/www.fresopolis-mallorca.com\\\/de\\\/allgemeine-geschaeftsbedingungen-tierpatenschaft\\\/\",\"name\":\"Allgemeine Gesch\u00e4ftsbedingungen Tierpatenschaft - Fresopolis Mallorca\",\"isPartOf\":{\"@id\":\"https:\\\/\\\/www.fresopolis-mallorca.com\\\/de\\\/#website\"},\"datePublished\":\"2022-04-11T11:12:11+00:00\",\"dateModified\":\"2022-04-11T11:23:10+00:00\",\"breadcrumb\":{\"@id\":\"https:\\\/\\\/www.fresopolis-mallorca.com\\\/de\\\/allgemeine-geschaeftsbedingungen-tierpatenschaft\\\/#breadcrumb\"},\"inLanguage\":\"de\",\"potentialAction\":[{\"@type\":\"ReadAction\",\"target\":[\"https:\\\/\\\/www.fresopolis-mallorca.com\\\/de\\\/allgemeine-geschaeftsbedingungen-tierpatenschaft\\\/\"]}]},{\"@type\":\"BreadcrumbList\",\"@id\":\"https:\\\/\\\/www.fresopolis-mallorca.com\\\/de\\\/allgemeine-geschaeftsbedingungen-tierpatenschaft\\\/#breadcrumb\",\"itemListElement\":[{\"@type\":\"ListItem\",\"position\":1,\"name\":\"Home\",\"item\":\"https:\\\/\\\/www.fresopolis-mallorca.com\\\/de\\\/\"},{\"@type\":\"ListItem\",\"position\":2,\"name\":\"Allgemeine Gesch\u00e4ftsbedingungen Tierpatenschaft\"}]},{\"@type\":\"WebSite\",\"@id\":\"https:\\\/\\\/www.fresopolis-mallorca.com\\\/de\\\/#website\",\"url\":\"https:\\\/\\\/www.fresopolis-mallorca.com\\\/de\\\/\",\"name\":\"Fresopolis Mallorca\",\"description\":\"Our unique children\u2019s farm for families on Mallorca\",\"publisher\":{\"@id\":\"https:\\\/\\\/www.fresopolis-mallorca.com\\\/de\\\/#organization\"},\"potentialAction\":[{\"@type\":\"SearchAction\",\"target\":{\"@type\":\"EntryPoint\",\"urlTemplate\":\"https:\\\/\\\/www.fresopolis-mallorca.com\\\/de\\\/?s={search_term_string}\"},\"query-input\":{\"@type\":\"PropertyValueSpecification\",\"valueRequired\":true,\"valueName\":\"search_term_string\"}}],\"inLanguage\":\"de\"},{\"@type\":\"Organization\",\"@id\":\"https:\\\/\\\/www.fresopolis-mallorca.com\\\/de\\\/#organization\",\"name\":\"Fresopolis Mallorca\",\"url\":\"https:\\\/\\\/www.fresopolis-mallorca.com\\\/de\\\/\",\"logo\":{\"@type\":\"ImageObject\",\"inLanguage\":\"de\",\"@id\":\"https:\\\/\\\/www.fresopolis-mallorca.com\\\/de\\\/#\\\/schema\\\/logo\\\/image\\\/\",\"url\":\"https:\\\/\\\/www.fresopolis-mallorca.com\\\/wp-content\\\/uploads\\\/2022\\\/04\\\/Fresopolis-Mallorca-Family-Farm.jpg\",\"contentUrl\":\"https:\\\/\\\/www.fresopolis-mallorca.com\\\/wp-content\\\/uploads\\\/2022\\\/04\\\/Fresopolis-Mallorca-Family-Farm.jpg\",\"width\":784,\"height\":784,\"caption\":\"Fresopolis Mallorca\"},\"image\":{\"@id\":\"https:\\\/\\\/www.fresopolis-mallorca.com\\\/de\\\/#\\\/schema\\\/logo\\\/image\\\/\"},\"sameAs\":[\"https:\\\/\\\/www.facebook.com\\\/Fresopolis.Mallorca\",\"https:\\\/\\\/www.instagram.com\\\/fresopolis.mallorca\\\/\",\"https:\\\/\\\/www.youtube.com\\\/channel\\\/UCu9D6GxBDXUImkm7dihPyvg\"]}]}<\/script>\n<!-- \/ Yoast SEO plugin. -->","yoast_head_json":{"title":"Allgemeine Gesch\u00e4ftsbedingungen Tierpatenschaft - Fresopolis Mallorca","robots":{"index":"index","follow":"follow","max-snippet":"max-snippet:-1","max-image-preview":"max-image-preview:large","max-video-preview":"max-video-preview:-1"},"canonical":"https:\/\/www.fresopolis-mallorca.com\/de\/allgemeine-geschaeftsbedingungen-tierpatenschaft\/","og_locale":"de_DE","og_type":"article","og_title":"Allgemeine Gesch\u00e4ftsbedingungen Tierpatenschaft - Fresopolis Mallorca","og_url":"https:\/\/www.fresopolis-mallorca.com\/de\/allgemeine-geschaeftsbedingungen-tierpatenschaft\/","og_site_name":"Fresopolis Mallorca","article_publisher":"https:\/\/www.facebook.com\/Fresopolis.Mallorca","article_modified_time":"2022-04-11T11:23:10+00:00","twitter_card":"summary_large_image","twitter_misc":{"Gesch\u00e4tzte Lesezeit":"3\u00a0Minuten"},"schema":{"@context":"https:\/\/schema.org","@graph":[{"@type":"WebPage","@id":"https:\/\/www.fresopolis-mallorca.com\/de\/allgemeine-geschaeftsbedingungen-tierpatenschaft\/","url":"https:\/\/www.fresopolis-mallorca.com\/de\/allgemeine-geschaeftsbedingungen-tierpatenschaft\/","name":"Allgemeine Gesch\u00e4ftsbedingungen Tierpatenschaft - Fresopolis Mallorca","isPartOf":{"@id":"https:\/\/www.fresopolis-mallorca.com\/de\/#website"},"datePublished":"2022-04-11T11:12:11+00:00","dateModified":"2022-04-11T11:23:10+00:00","breadcrumb":{"@id":"https:\/\/www.fresopolis-mallorca.com\/de\/allgemeine-geschaeftsbedingungen-tierpatenschaft\/#breadcrumb"},"inLanguage":"de","potentialAction":[{"@type":"ReadAction","target":["https:\/\/www.fresopolis-mallorca.com\/de\/allgemeine-geschaeftsbedingungen-tierpatenschaft\/"]}]},{"@type":"BreadcrumbList","@id":"https:\/\/www.fresopolis-mallorca.com\/de\/allgemeine-geschaeftsbedingungen-tierpatenschaft\/#breadcrumb","itemListElement":[{"@type":"ListItem","position":1,"name":"Home","item":"https:\/\/www.fresopolis-mallorca.com\/de\/"},{"@type":"ListItem","position":2,"name":"Allgemeine Gesch\u00e4ftsbedingungen Tierpatenschaft"}]},{"@type":"WebSite","@id":"https:\/\/www.fresopolis-mallorca.com\/de\/#website","url":"https:\/\/www.fresopolis-mallorca.com\/de\/","name":"Fresopolis Mallorca","description":"Our unique children\u2019s farm for families on Mallorca","publisher":{"@id":"https:\/\/www.fresopolis-mallorca.com\/de\/#organization"},"potentialAction":[{"@type":"SearchAction","target":{"@type":"EntryPoint","urlTemplate":"https:\/\/www.fresopolis-mallorca.com\/de\/?s={search_term_string}"},"query-input":{"@type":"PropertyValueSpecification","valueRequired":true,"valueName":"search_term_string"}}],"inLanguage":"de"},{"@type":"Organization","@id":"https:\/\/www.fresopolis-mallorca.com\/de\/#organization","name":"Fresopolis Mallorca","url":"https:\/\/www.fresopolis-mallorca.com\/de\/","logo":{"@type":"ImageObject","inLanguage":"de","@id":"https:\/\/www.fresopolis-mallorca.com\/de\/#\/schema\/logo\/image\/","url":"https:\/\/www.fresopolis-mallorca.com\/wp-content\/uploads\/2022\/04\/Fresopolis-Mallorca-Family-Farm.jpg","contentUrl":"https:\/\/www.fresopolis-mallorca.com\/wp-content\/uploads\/2022\/04\/Fresopolis-Mallorca-Family-Farm.jpg","width":784,"height":784,"caption":"Fresopolis Mallorca"},"image":{"@id":"https:\/\/www.fresopolis-mallorca.com\/de\/#\/schema\/logo\/image\/"},"sameAs":["https:\/\/www.facebook.com\/Fresopolis.Mallorca","https:\/\/www.instagram.com\/fresopolis.mallorca\/","https:\/\/www.youtube.com\/channel\/UCu9D6GxBDXUImkm7dihPyvg"]}]}},"_links":{"self":[{"href":"https:\/\/www.fresopolis-mallorca.com\/de\/wp-json\/wp\/v2\/pages\/19896","targetHints":{"allow":["GET"]}}],"collection":[{"href":"https:\/\/www.fresopolis-mallorca.com\/de\/wp-json\/wp\/v2\/pages"}],"about":[{"href":"https:\/\/www.fresopolis-mallorca.com\/de\/wp-json\/wp\/v2\/types\/page"}],"author":[{"embeddable":true,"href":"https:\/\/www.fresopolis-mallorca.com\/de\/wp-json\/wp\/v2\/users\/50"}],"replies":[{"embeddable":true,"href":"https:\/\/www.fresopolis-mallorca.com\/de\/wp-json\/wp\/v2\/comments?post=19896"}],"version-history":[{"count":0,"href":"https:\/\/www.fresopolis-mallorca.com\/de\/wp-json\/wp\/v2\/pages\/19896\/revisions"}],"wp:attachment":[{"href":"https:\/\/www.fresopolis-mallorca.com\/de\/wp-json\/wp\/v2\/media?parent=19896"}],"curies":[{"name":"wp","href":"https:\/\/api.w.org\/{rel}","templated":true}]}}