{"id":22198,"date":"2023-05-31T06:50:39","date_gmt":"2023-05-31T04:50:39","guid":{"rendered":"https:\/\/www.fresopolis-mallorca.com\/spende\/"},"modified":"2023-06-09T11:00:00","modified_gmt":"2023-06-09T09:00:00","slug":"spende","status":"publish","type":"page","link":"https:\/\/www.fresopolis-mallorca.com\/de\/spende\/","title":{"rendered":"Spende"},"content":{"rendered":"<section class=\"l-section wpb_row us_custom_4af741be height_auto width_full\"><div class=\"l-section-h i-cf\"><div class=\"g-cols vc_row via_flex valign_top type_default stacking_default\"><div class=\"vc_col-sm-12 wpb_column vc_column_container\"><div class=\"vc_column-inner us_custom_4af741be\"><div class=\"wpb_wrapper\"><div class=\"w-image align_center\"><div class=\"w-image-h\"><img decoding=\"async\" width=\"2560\" height=\"1967\" src=\"https:\/\/www.fresopolis-mallorca.com\/wp-content\/uploads\/2021\/11\/Animal-Sponsorship-Header.jpg\" class=\"attachment-full size-full\" alt=\"Animal SponsorshipOn our plot of 1000 hectares at Fresopolis we have the possibility to give farm animals all they need to spend a species-appropriate, healthy and relaxed life. We have trained, animal loving keepers and the necessary know-how. Our whole team is passionate about animal welfare and its heart and soul in the beautiful task of providing animals in need a life of dignity and a loving home.\" loading=\"lazy\" srcset=\"https:\/\/www.fresopolis-mallorca.com\/wp-content\/uploads\/2021\/11\/Animal-Sponsorship-Header.jpg 2560w, https:\/\/www.fresopolis-mallorca.com\/wp-content\/uploads\/2021\/11\/Animal-Sponsorship-Header-300x231.jpg 300w, https:\/\/www.fresopolis-mallorca.com\/wp-content\/uploads\/2021\/11\/Animal-Sponsorship-Header-1024x787.jpg 1024w, https:\/\/www.fresopolis-mallorca.com\/wp-content\/uploads\/2021\/11\/Animal-Sponsorship-Header-200x154.jpg 200w, https:\/\/www.fresopolis-mallorca.com\/wp-content\/uploads\/2021\/11\/Animal-Sponsorship-Header-600x461.jpg 600w\" sizes=\"auto, (max-width: 2560px) 100vw, 2560px\" \/><\/div><\/div><\/div><\/div><\/div><\/div><\/div><\/section><section class=\"l-section wpb_row height_auto\"><div class=\"l-section-h i-cf\"><div class=\"g-cols vc_row via_flex valign_top type_default stacking_default\"><div class=\"vc_col-sm-12 wpb_column vc_column_container\"><div class=\"vc_column-inner\"><div class=\"wpb_wrapper\">[vc_custom_heading text=&#8221;Pflege und Obhut von Tieren in not&#8221; font_container=&#8221;tag:h1|text_align:center&#8221; use_theme_fonts=&#8221;yes&#8221; css=&#8221;%7B%22default%22%3A%7B%22color%22%3A%22%23ee2b53%22%2C%22text-align%22%3A%22center%22%2C%22font-size%22%3A%222.4rem%22%2C%22font-family%22%3A%22Buckwheat%20TC%20Sans%20Rough%22%2C%22font-weight%22%3A%22400%22%2C%22margin-left%22%3A%220%22%2C%22margin-top%22%3A%228px%22%2C%22margin-bottom%22%3A%228px%22%2C%22margin-right%22%3A%220%22%2C%22padding-left%22%3A%220%22%2C%22padding-top%22%3A%228px%22%2C%22padding-bottom%22%3A%228px%22%2C%22padding-right%22%3A%220%22%7D%2C%22laptops%22%3A%7B%22text-align%22%3A%22inherit%22%7D%2C%22tablets%22%3A%7B%22color%22%3A%22%23d84257%22%2C%22text-align%22%3A%22center%22%2C%22font-size%22%3A%222.0rem%22%2C%22font-family%22%3A%22Buckwheat%20TC%20Sans%20Rough%22%2C%22font-weight%22%3A%22400%22%7D%2C%22mobiles%22%3A%7B%22color%22%3A%22%23d84257%22%2C%22text-align%22%3A%22center%22%2C%22font-size%22%3A%221.6rem%22%2C%22font-family%22%3A%22Buckwheat%20TC%20Sans%20Rough%22%2C%22font-weight%22%3A%22400%22%7D%7D&#8221;]<\/div><\/div><\/div><\/div><\/div><\/section><section class=\"l-section wpb_row height_small\"><div class=\"l-section-h i-cf\"><div class=\"g-cols vc_row via_flex valign_top type_default stacking_default\"><div class=\"vc_col-sm-12 wpb_column vc_column_container\"><div class=\"vc_column-inner\"><div class=\"wpb_wrapper\"><div class=\"wpb_text_column us_custom_ebbdc731\"><div class=\"wpb_wrapper\"><p>Wusstest du, dass Meerschweinchen bei guter Pflege etwa vier bis acht Jahre alt werden k\u00f6nnen? Kaninchen sogar zwischen acht und zw\u00f6lf. Monatlich hat man Ausgaben von ungef\u00e4hr 60\u20ac (ohne Tierarztkosten). \u2013 das macht lebenslang rund 5.000\u20ac.<\/p>\n<p>Es vergeht keine Woche ohne eine Anfrage von Familien, die kleine Haustiere f\u00fcr Ihre Kinder gekauft haben und diese nun nicht mehr unterhalten k\u00f6nnen oder wollen. Sei es die Pflege oder auch die Kosten, oder schlichtweg, weil sich die Kinder nicht um die Haustiere k\u00fcmmern.<\/p>\n<p>Und genau daf\u00fcr steht FRESOPOLIS. Wir nehmen die kleinen Fellnasen selbstverst\u00e4ndlich auf, bevor sie einfach ausgesetzt werden wie hunderte von anderen Tieren auf Mallorca. Aktuell haben wir schon &gt;50 von den kleinen, lustigen Lebensbegleitern und freuen uns immer, wenn wir ein neues zu Hause f\u00fcr sie finden.<\/p>\n<p>Leider sind es nicht nur die kleinen Fellnasen die uns angetragen werden, sondern auch vorwiegend landwirtschaftlich genutzte Tiere. Denn der Gedanke, auf eine Finca mit Schafen, Ziegen und H\u00fchnern zu leben erscheint vielen als sehr attraktiv. Dann \u00e4ndern sich Umst\u00e4nde (Zeit, Platz, Geld) und auch diese Tiere brauchen dann pl\u00f6tzlich ein neues zu Hause. Damit sie nicht angebunden oder eingesperrt sich selbst \u00fcberlassen werden, brauchen wir stetig eure Hilfe.<\/p>\n<p>Die Zahl der Tiere, die zwar ein \u201ezu Hause\u201c haben, aber schlecht behandelt werden, wie unser FERDINANDO, sind gro\u00df. Viel zu gro\u00df. Mallorcas Sonne ist zu hei\u00df um die Tiere dort auf wenigen Quadratmetern, in ihren eigenen Exkrementen stehen zu lassen, ohne dabei mit frischem Wasser oder was zu essen versorgt zu sein.<\/p>\n<p>Wir wollen genau diesen Tieren die Chance auf ein neues zu Hause bieten. Und wenn du dich jetzt fragst, wie soll das gehen? Der Hof ist doch begrenzt?! Richtig. Wir nehmen die Tiere auf, geben ihnen die Zeit zu akklimatisieren und suchen ein neues zu Hause, in dem sie so behandelt werden, wie sie es verdienen.<\/p>\n<p><strong>Und du kannst uns dabei helfen!<\/strong><\/p>\n<\/div><\/div><\/div><\/div><\/div><\/div><\/div><\/section><section class=\"l-section wpb_row height_auto\"><div class=\"l-section-h i-cf\"><div class=\"g-cols vc_row via_flex valign_top type_default stacking_default\"><div class=\"vc_col-sm-12 wpb_column vc_column_container\"><div class=\"vc_column-inner\"><div class=\"wpb_wrapper\">[vc_custom_heading text=&#8221;Spende&#8221; font_container=&#8221;tag:h2|text_align:center&#8221; use_theme_fonts=&#8221;yes&#8221; css=&#8221;%7B%22default%22%3A%7B%22color%22%3A%22%23ee2b53%22%2C%22text-align%22%3A%22center%22%2C%22font-size%22%3A%222.4rem%22%2C%22font-family%22%3A%22Buckwheat%20TC%20Sans%20Rough%22%2C%22font-weight%22%3A%22400%22%2C%22margin-left%22%3A%220%22%2C%22margin-top%22%3A%228px%22%2C%22margin-bottom%22%3A%228px%22%2C%22margin-right%22%3A%220%22%2C%22padding-left%22%3A%220%22%2C%22padding-top%22%3A%228px%22%2C%22padding-bottom%22%3A%228px%22%2C%22padding-right%22%3A%220%22%7D%2C%22laptops%22%3A%7B%22text-align%22%3A%22inherit%22%7D%2C%22tablets%22%3A%7B%22color%22%3A%22%23d84257%22%2C%22text-align%22%3A%22center%22%2C%22font-size%22%3A%222.0rem%22%2C%22font-family%22%3A%22Buckwheat%20TC%20Sans%20Rough%22%2C%22font-weight%22%3A%22400%22%7D%2C%22mobiles%22%3A%7B%22color%22%3A%22%23d84257%22%2C%22text-align%22%3A%22center%22%2C%22font-size%22%3A%221.6rem%22%2C%22font-family%22%3A%22Buckwheat%20TC%20Sans%20Rough%22%2C%22font-weight%22%3A%22400%22%7D%7D&#8221;]<\/div><\/div><\/div><\/div><\/div><\/section><section class=\"l-section wpb_row height_medium\"><div class=\"l-section-h i-cf\"><div class=\"g-cols vc_row via_flex valign_top type_default stacking_default\"><div class=\"vc_col-sm-12 wpb_column vc_column_container\"><div class=\"vc_column-inner\"><div class=\"wpb_wrapper\"><div class=\"wpb_text_column\"><div class=\"wpb_wrapper\"><p>[give_form id=&#8221;22196&#8243;]<\/p>\n<\/div><\/div><\/div><\/div><\/div><\/div><\/div><\/section>\n","protected":false},"excerpt":{"rendered":"[vc_custom_heading text=\"Pflege und Obhut von Tieren in not\" font_container=\"tag:h1|text_align:center\" use_theme_fonts=\"yes\" css=\"%7B%22default%22%3A%7B%22color%22%3A%22%23ee2b53%22%2C%22text-align%22%3A%22center%22%2C%22font-size%22%3A%222.4rem%22%2C%22font-family%22%3A%22Buckwheat%20TC%20Sans%20Rough%22%2C%22font-weight%22%3A%22400%22%2C%22margin-left%22%3A%220%22%2C%22margin-top%22%3A%228px%22%2C%22margin-bottom%22%3A%228px%22%2C%22margin-right%22%3A%220%22%2C%22padding-left%22%3A%220%22%2C%22padding-top%22%3A%228px%22%2C%22padding-bottom%22%3A%228px%22%2C%22padding-right%22%3A%220%22%7D%2C%22laptops%22%3A%7B%22text-align%22%3A%22inherit%22%7D%2C%22tablets%22%3A%7B%22color%22%3A%22%23d84257%22%2C%22text-align%22%3A%22center%22%2C%22font-size%22%3A%222.0rem%22%2C%22font-family%22%3A%22Buckwheat%20TC%20Sans%20Rough%22%2C%22font-weight%22%3A%22400%22%7D%2C%22mobiles%22%3A%7B%22color%22%3A%22%23d84257%22%2C%22text-align%22%3A%22center%22%2C%22font-size%22%3A%221.6rem%22%2C%22font-family%22%3A%22Buckwheat%20TC%20Sans%20Rough%22%2C%22font-weight%22%3A%22400%22%7D%7D\"]Wusstest du, dass Meerschweinchen bei guter Pflege etwa vier bis acht Jahre alt werden k\u00f6nnen? Kaninchen sogar zwischen acht und zw\u00f6lf. Monatlich hat man Ausgaben von ungef\u00e4hr 60\u20ac (ohne Tierarztkosten). \u2013 das macht lebenslang rund 5.000\u20ac. Es vergeht keine Woche ohne eine Anfrage von Familien,...","protected":false},"author":50,"featured_media":22243,"parent":0,"menu_order":0,"comment_status":"closed","ping_status":"closed","template":"","meta":{"inline_featured_image":false,"footnotes":""},"class_list":["post-22198","page","type-page","status-publish","has-post-thumbnail","hentry"],"yoast_head":"<!-- This site is optimized with the Yoast SEO plugin v26.8 - https:\/\/yoast.com\/product\/yoast-seo-wordpress\/ -->\n<title>Spende - Fresopolis Mallorca<\/title>\n<meta name=\"description\" content=\"Alle Spenden haben eine direkte positive Auswirkung auf die Tierpflege, das Futter und unsere Arbeit mit den Tieren.\" \/>\n<meta name=\"robots\" content=\"index, follow, max-snippet:-1, max-image-preview:large, max-video-preview:-1\" \/>\n<link rel=\"canonical\" href=\"https:\/\/www.fresopolis-mallorca.com\/de\/spende\/\" \/>\n<meta property=\"og:locale\" content=\"de_DE\" \/>\n<meta property=\"og:type\" content=\"article\" \/>\n<meta property=\"og:title\" content=\"Spende - Fresopolis Mallorca\" \/>\n<meta property=\"og:description\" content=\"Alle Spenden haben eine direkte positive Auswirkung auf die Tierpflege, das Futter und unsere Arbeit mit den Tieren.\" \/>\n<meta property=\"og:url\" content=\"https:\/\/www.fresopolis-mallorca.com\/de\/spende\/\" \/>\n<meta property=\"og:site_name\" content=\"Fresopolis Mallorca\" \/>\n<meta property=\"article:publisher\" content=\"https:\/\/www.facebook.com\/Fresopolis.Mallorca\" \/>\n<meta property=\"article:modified_time\" content=\"2023-06-09T09:00:00+00:00\" \/>\n<meta property=\"og:image\" content=\"https:\/\/www.fresopolis-mallorca.com\/wp-content\/uploads\/2023\/06\/Animal-Sponsorship-SM.jpg\" \/>\n\t<meta property=\"og:image:width\" content=\"1200\" \/>\n\t<meta property=\"og:image:height\" content=\"630\" \/>\n\t<meta property=\"og:image:type\" content=\"image\/jpeg\" \/>\n<meta name=\"twitter:card\" content=\"summary_large_image\" \/>\n<meta name=\"twitter:title\" content=\"Spende - Fresopolis Mallorca\" \/>\n<meta name=\"twitter:description\" content=\"Alle Spenden haben eine direkte positive Auswirkung auf die Tierpflege, das Futter und unsere Arbeit mit den Tieren.\" \/>\n<meta name=\"twitter:image\" content=\"https:\/\/www.fresopolis-mallorca.com\/wp-content\/uploads\/2023\/06\/Animal-Sponsorship-SM.jpg\" \/>\n<meta name=\"twitter:label1\" content=\"Gesch\u00e4tzte Lesezeit\" \/>\n\t<meta name=\"twitter:data1\" content=\"4\u00a0Minuten\" \/>\n<script type=\"application\/ld+json\" class=\"yoast-schema-graph\">{\"@context\":\"https:\/\/schema.org\",\"@graph\":[{\"@type\":\"WebPage\",\"@id\":\"https:\/\/www.fresopolis-mallorca.com\/de\/spende\/\",\"url\":\"https:\/\/www.fresopolis-mallorca.com\/de\/spende\/\",\"name\":\"Spende - Fresopolis Mallorca\",\"isPartOf\":{\"@id\":\"https:\/\/www.fresopolis-mallorca.com\/de\/#website\"},\"primaryImageOfPage\":{\"@id\":\"https:\/\/www.fresopolis-mallorca.com\/de\/spende\/#primaryimage\"},\"image\":{\"@id\":\"https:\/\/www.fresopolis-mallorca.com\/de\/spende\/#primaryimage\"},\"thumbnailUrl\":\"https:\/\/www.fresopolis-mallorca.com\/wp-content\/uploads\/2023\/06\/Animal-Sponsorship-SM.jpg\",\"datePublished\":\"2023-05-31T04:50:39+00:00\",\"dateModified\":\"2023-06-09T09:00:00+00:00\",\"description\":\"Alle Spenden haben eine direkte positive Auswirkung auf die Tierpflege, das Futter und unsere Arbeit mit den Tieren.\",\"breadcrumb\":{\"@id\":\"https:\/\/www.fresopolis-mallorca.com\/de\/spende\/#breadcrumb\"},\"inLanguage\":\"de\",\"potentialAction\":[{\"@type\":\"ReadAction\",\"target\":[\"https:\/\/www.fresopolis-mallorca.com\/de\/spende\/\"]}]},{\"@type\":\"ImageObject\",\"inLanguage\":\"de\",\"@id\":\"https:\/\/www.fresopolis-mallorca.com\/de\/spende\/#primaryimage\",\"url\":\"https:\/\/www.fresopolis-mallorca.com\/wp-content\/uploads\/2023\/06\/Animal-Sponsorship-SM.jpg\",\"contentUrl\":\"https:\/\/www.fresopolis-mallorca.com\/wp-content\/uploads\/2023\/06\/Animal-Sponsorship-SM.jpg\",\"width\":1200,\"height\":630},{\"@type\":\"BreadcrumbList\",\"@id\":\"https:\/\/www.fresopolis-mallorca.com\/de\/spende\/#breadcrumb\",\"itemListElement\":[{\"@type\":\"ListItem\",\"position\":1,\"name\":\"Home\",\"item\":\"https:\/\/www.fresopolis-mallorca.com\/de\/\"},{\"@type\":\"ListItem\",\"position\":2,\"name\":\"Spende\"}]},{\"@type\":\"WebSite\",\"@id\":\"https:\/\/www.fresopolis-mallorca.com\/de\/#website\",\"url\":\"https:\/\/www.fresopolis-mallorca.com\/de\/\",\"name\":\"Fresopolis Mallorca\",\"description\":\"Our unique children\u2019s farm for families on Mallorca\",\"publisher\":{\"@id\":\"https:\/\/www.fresopolis-mallorca.com\/de\/#organization\"},\"potentialAction\":[{\"@type\":\"SearchAction\",\"target\":{\"@type\":\"EntryPoint\",\"urlTemplate\":\"https:\/\/www.fresopolis-mallorca.com\/de\/?s={search_term_string}\"},\"query-input\":{\"@type\":\"PropertyValueSpecification\",\"valueRequired\":true,\"valueName\":\"search_term_string\"}}],\"inLanguage\":\"de\"},{\"@type\":\"Organization\",\"@id\":\"https:\/\/www.fresopolis-mallorca.com\/de\/#organization\",\"name\":\"Fresopolis Mallorca\",\"url\":\"https:\/\/www.fresopolis-mallorca.com\/de\/\",\"logo\":{\"@type\":\"ImageObject\",\"inLanguage\":\"de\",\"@id\":\"https:\/\/www.fresopolis-mallorca.com\/de\/#\/schema\/logo\/image\/\",\"url\":\"https:\/\/www.fresopolis-mallorca.com\/wp-content\/uploads\/2022\/04\/Fresopolis-Mallorca-Family-Farm.jpg\",\"contentUrl\":\"https:\/\/www.fresopolis-mallorca.com\/wp-content\/uploads\/2022\/04\/Fresopolis-Mallorca-Family-Farm.jpg\",\"width\":784,\"height\":784,\"caption\":\"Fresopolis Mallorca\"},\"image\":{\"@id\":\"https:\/\/www.fresopolis-mallorca.com\/de\/#\/schema\/logo\/image\/\"},\"sameAs\":[\"https:\/\/www.facebook.com\/Fresopolis.Mallorca\",\"https:\/\/www.instagram.com\/fresopolis.mallorca\/\",\"https:\/\/www.youtube.com\/channel\/UCu9D6GxBDXUImkm7dihPyvg\"]}]}<\/script>\n<!-- \/ Yoast SEO plugin. -->","yoast_head_json":{"title":"Spende - Fresopolis Mallorca","description":"Alle Spenden haben eine direkte positive Auswirkung auf die Tierpflege, das Futter und unsere Arbeit mit den Tieren.","robots":{"index":"index","follow":"follow","max-snippet":"max-snippet:-1","max-image-preview":"max-image-preview:large","max-video-preview":"max-video-preview:-1"},"canonical":"https:\/\/www.fresopolis-mallorca.com\/de\/spende\/","og_locale":"de_DE","og_type":"article","og_title":"Spende - Fresopolis Mallorca","og_description":"Alle Spenden haben eine direkte positive Auswirkung auf die Tierpflege, das Futter und unsere Arbeit mit den Tieren.","og_url":"https:\/\/www.fresopolis-mallorca.com\/de\/spende\/","og_site_name":"Fresopolis Mallorca","article_publisher":"https:\/\/www.facebook.com\/Fresopolis.Mallorca","article_modified_time":"2023-06-09T09:00:00+00:00","og_image":[{"width":1200,"height":630,"url":"https:\/\/www.fresopolis-mallorca.com\/wp-content\/uploads\/2023\/06\/Animal-Sponsorship-SM.jpg","type":"image\/jpeg"}],"twitter_card":"summary_large_image","twitter_title":"Spende - Fresopolis Mallorca","twitter_description":"Alle Spenden haben eine direkte positive Auswirkung auf die Tierpflege, das Futter und unsere Arbeit mit den Tieren.","twitter_image":"https:\/\/www.fresopolis-mallorca.com\/wp-content\/uploads\/2023\/06\/Animal-Sponsorship-SM.jpg","twitter_misc":{"Gesch\u00e4tzte Lesezeit":"4\u00a0Minuten"},"schema":{"@context":"https:\/\/schema.org","@graph":[{"@type":"WebPage","@id":"https:\/\/www.fresopolis-mallorca.com\/de\/spende\/","url":"https:\/\/www.fresopolis-mallorca.com\/de\/spende\/","name":"Spende - Fresopolis Mallorca","isPartOf":{"@id":"https:\/\/www.fresopolis-mallorca.com\/de\/#website"},"primaryImageOfPage":{"@id":"https:\/\/www.fresopolis-mallorca.com\/de\/spende\/#primaryimage"},"image":{"@id":"https:\/\/www.fresopolis-mallorca.com\/de\/spende\/#primaryimage"},"thumbnailUrl":"https:\/\/www.fresopolis-mallorca.com\/wp-content\/uploads\/2023\/06\/Animal-Sponsorship-SM.jpg","datePublished":"2023-05-31T04:50:39+00:00","dateModified":"2023-06-09T09:00:00+00:00","description":"Alle Spenden haben eine direkte positive Auswirkung auf die Tierpflege, das Futter und unsere Arbeit mit den Tieren.","breadcrumb":{"@id":"https:\/\/www.fresopolis-mallorca.com\/de\/spende\/#breadcrumb"},"inLanguage":"de","potentialAction":[{"@type":"ReadAction","target":["https:\/\/www.fresopolis-mallorca.com\/de\/spende\/"]}]},{"@type":"ImageObject","inLanguage":"de","@id":"https:\/\/www.fresopolis-mallorca.com\/de\/spende\/#primaryimage","url":"https:\/\/www.fresopolis-mallorca.com\/wp-content\/uploads\/2023\/06\/Animal-Sponsorship-SM.jpg","contentUrl":"https:\/\/www.fresopolis-mallorca.com\/wp-content\/uploads\/2023\/06\/Animal-Sponsorship-SM.jpg","width":1200,"height":630},{"@type":"BreadcrumbList","@id":"https:\/\/www.fresopolis-mallorca.com\/de\/spende\/#breadcrumb","itemListElement":[{"@type":"ListItem","position":1,"name":"Home","item":"https:\/\/www.fresopolis-mallorca.com\/de\/"},{"@type":"ListItem","position":2,"name":"Spende"}]},{"@type":"WebSite","@id":"https:\/\/www.fresopolis-mallorca.com\/de\/#website","url":"https:\/\/www.fresopolis-mallorca.com\/de\/","name":"Fresopolis Mallorca","description":"Our unique children\u2019s farm for families on Mallorca","publisher":{"@id":"https:\/\/www.fresopolis-mallorca.com\/de\/#organization"},"potentialAction":[{"@type":"SearchAction","target":{"@type":"EntryPoint","urlTemplate":"https:\/\/www.fresopolis-mallorca.com\/de\/?s={search_term_string}"},"query-input":{"@type":"PropertyValueSpecification","valueRequired":true,"valueName":"search_term_string"}}],"inLanguage":"de"},{"@type":"Organization","@id":"https:\/\/www.fresopolis-mallorca.com\/de\/#organization","name":"Fresopolis Mallorca","url":"https:\/\/www.fresopolis-mallorca.com\/de\/","logo":{"@type":"ImageObject","inLanguage":"de","@id":"https:\/\/www.fresopolis-mallorca.com\/de\/#\/schema\/logo\/image\/","url":"https:\/\/www.fresopolis-mallorca.com\/wp-content\/uploads\/2022\/04\/Fresopolis-Mallorca-Family-Farm.jpg","contentUrl":"https:\/\/www.fresopolis-mallorca.com\/wp-content\/uploads\/2022\/04\/Fresopolis-Mallorca-Family-Farm.jpg","width":784,"height":784,"caption":"Fresopolis Mallorca"},"image":{"@id":"https:\/\/www.fresopolis-mallorca.com\/de\/#\/schema\/logo\/image\/"},"sameAs":["https:\/\/www.facebook.com\/Fresopolis.Mallorca","https:\/\/www.instagram.com\/fresopolis.mallorca\/","https:\/\/www.youtube.com\/channel\/UCu9D6GxBDXUImkm7dihPyvg"]}]}},"_links":{"self":[{"href":"https:\/\/www.fresopolis-mallorca.com\/de\/wp-json\/wp\/v2\/pages\/22198","targetHints":{"allow":["GET"]}}],"collection":[{"href":"https:\/\/www.fresopolis-mallorca.com\/de\/wp-json\/wp\/v2\/pages"}],"about":[{"href":"https:\/\/www.fresopolis-mallorca.com\/de\/wp-json\/wp\/v2\/types\/page"}],"author":[{"embeddable":true,"href":"https:\/\/www.fresopolis-mallorca.com\/de\/wp-json\/wp\/v2\/users\/50"}],"replies":[{"embeddable":true,"href":"https:\/\/www.fresopolis-mallorca.com\/de\/wp-json\/wp\/v2\/comments?post=22198"}],"version-history":[{"count":0,"href":"https:\/\/www.fresopolis-mallorca.com\/de\/wp-json\/wp\/v2\/pages\/22198\/revisions"}],"wp:featuredmedia":[{"embeddable":true,"href":"https:\/\/www.fresopolis-mallorca.com\/de\/wp-json\/wp\/v2\/media\/22243"}],"wp:attachment":[{"href":"https:\/\/www.fresopolis-mallorca.com\/de\/wp-json\/wp\/v2\/media?parent=22198"}],"curies":[{"name":"wp","href":"https:\/\/api.w.org\/{rel}","templated":true}]}}