{"id":22297,"date":"2023-06-13T05:42:39","date_gmt":"2023-06-13T03:42:39","guid":{"rendered":"https:\/\/www.fresopolis-mallorca.com\/hilf-uns-helfen\/"},"modified":"2023-06-15T15:32:14","modified_gmt":"2023-06-15T13:32:14","slug":"hilf-uns-helfen","status":"publish","type":"page","link":"https:\/\/www.fresopolis-mallorca.com\/de\/hilf-uns-helfen\/","title":{"rendered":"Hilf uns helfen!"},"content":{"rendered":"<section class=\"l-section wpb_row us_custom_4af741be height_auto\"><div class=\"l-section-h i-cf\"><div class=\"g-cols vc_row via_flex valign_top type_default stacking_default\"><div class=\"vc_col-sm-6 wpb_column vc_column_container\"><div class=\"vc_column-inner us_custom_4af741be\"><div class=\"wpb_wrapper\"><div class=\"wpb_text_column us_custom_33b9ee00\"><div class=\"wpb_wrapper\"><iframe loading=\"lazy\"  id=\"_ytid_89266\"  width=\"419\" height=\"744\"  data-origwidth=\"419\" data-origheight=\"744\"  data-relstop=\"1\" src=\"https:\/\/www.youtube.com\/embed\/IoKm1Ln392A?enablejsapi=1&rel=0&autoplay=0&cc_load_policy=0&cc_lang_pref=&iv_load_policy=1&loop=0&fs=1&playsinline=0&autohide=2&theme=dark&color=red&controls=1&disablekb=0&\" class=\"__youtube_prefs__  __youtube_prefs_widget__  no-lazyload\" title=\"YouTube player\"  allow=\"fullscreen; accelerometer; autoplay; clipboard-write; encrypted-media; gyroscope; picture-in-picture; web-share\" referrerpolicy=\"strict-origin-when-cross-origin\" allowfullscreen data-no-lazy=\"1\" data-skipgform_ajax_framebjll=\"\"><\/iframe>\n<\/div><\/div><\/div><\/div><\/div><div class=\"vc_col-sm-6 wpb_column vc_column_container\"><div class=\"vc_column-inner\"><div class=\"wpb_wrapper\">[vc_custom_heading text=&#8221;Pflege und Obhut von Tieren in not&#8221; font_container=&#8221;tag:h1|text_align:center&#8221; use_theme_fonts=&#8221;yes&#8221; css=&#8221;%7B%22default%22%3A%7B%22color%22%3A%22%23ee2b53%22%2C%22text-align%22%3A%22center%22%2C%22font-family%22%3A%22Buckwheat%20TC%20Sans%20Rough%22%2C%22font-weight%22%3A%22400%22%2C%22font-size%22%3A%222.4rem%22%2C%22margin-left%22%3A%220%22%2C%22margin-top%22%3A%228px%22%2C%22margin-bottom%22%3A%228px%22%2C%22margin-right%22%3A%220%22%2C%22padding-left%22%3A%220%22%2C%22padding-top%22%3A%228px%22%2C%22padding-bottom%22%3A%228px%22%2C%22padding-right%22%3A%220%22%7D%2C%22tablets%22%3A%7B%22color%22%3A%22%23d84257%22%2C%22text-align%22%3A%22center%22%2C%22font-family%22%3A%22Buckwheat%20TC%20Sans%20Rough%22%2C%22font-weight%22%3A%22400%22%2C%22font-size%22%3A%222.0rem%22%7D%2C%22mobiles%22%3A%7B%22color%22%3A%22%23d84257%22%2C%22text-align%22%3A%22center%22%2C%22font-family%22%3A%22Buckwheat%20TC%20Sans%20Rough%22%2C%22font-weight%22%3A%22400%22%2C%22font-size%22%3A%221.6rem%22%7D%7D&#8221;]<div class=\"wpb_text_column us_custom_ebbdc731\"><div class=\"wpb_wrapper\"><p>Wusstest du, dass Meerschweinchen bei guter Pflege etwa vier bis acht Jahre alt werden k\u00f6nnen? Kaninchen sogar zwischen acht und zw\u00f6lf. Monatlich hat man Ausgaben von ungef\u00e4hr 60\u20ac (ohne Tierarztkosten). \u2013 das macht lebenslang rund 5.000\u20ac.<\/p>\n<p>Es vergeht keine Woche ohne eine Anfrage von Familien, die kleine Haustiere f\u00fcr Ihre Kinder gekauft haben und diese nun nicht mehr unterhalten k\u00f6nnen oder wollen. Sei es die Pflege oder auch die Kosten, oder schlichtweg, weil sich die Kinder nicht um die Haustiere k\u00fcmmern.<\/p>\n<p>Und genau daf\u00fcr steht FRESOPOLIS. Wir nehmen die kleinen Fellnasen selbstverst\u00e4ndlich auf, bevor sie einfach ausgesetzt werden wie hunderte von anderen Tieren auf Mallorca. Aktuell haben wir schon &gt;50 von den kleinen, lustigen Lebensbegleitern und freuen uns immer, wenn wir ein neues zu Hause f\u00fcr sie finden.<\/p>\n<p>Leider sind es nicht nur die kleinen Fellnasen die uns angetragen werden, sondern auch vorwiegend landwirtschaftlich genutzte Tiere. Denn der Gedanke, auf eine Finca mit Schafen, Ziegen und H\u00fchnern zu leben erscheint vielen als sehr attraktiv. Dann \u00e4ndern sich Umst\u00e4nde (Zeit, Platz, Geld) und auch diese Tiere brauchen dann pl\u00f6tzlich ein neues zu Hause. Damit sie nicht angebunden oder eingesperrt sich selbst \u00fcberlassen werden, brauchen wir stetig eure Hilfe.<\/p>\n<p>Die Zahl der Tiere, die zwar ein \u201ezu Hause\u201c haben, aber schlecht behandelt werden, wie unser FERDINANDO, sind gro\u00df. Viel zu gro\u00df. Mallorcas Sonne ist zu hei\u00df um die Tiere dort auf wenigen Quadratmetern, in ihren eigenen Exkrementen stehen zu lassen, ohne dabei mit frischem Wasser oder was zu essen versorgt zu sein.<\/p>\n<p>Wir wollen genau diesen Tieren die Chance auf ein neues zu Hause bieten.<br \/>\nUnd wenn du dich jetzt fragst, wie soll das gehen? Der Hof ist doch begrenzt?!<br \/>\nRichtig. Wir nehmen die Tiere auf, geben ihnen die Zeit zu akklimatisieren und suchen ein neues zu Hause, in dem sie so behandelt werden, wie sie es verdienen.<\/p>\n<p><strong>Und du kannst uns dabei helfen!<\/strong><\/p>\n<\/div><\/div><\/div><\/div><\/div><\/div><\/div><\/section><section class=\"l-section wpb_row height_auto\"><div class=\"l-section-h i-cf\"><div class=\"g-cols vc_row via_flex valign_top type_default stacking_default\"><div class=\"vc_col-sm-12 wpb_column vc_column_container\"><div class=\"vc_column-inner\"><div class=\"wpb_wrapper\">[vc_custom_heading text=&#8221;Spende&#8221; font_container=&#8221;tag:h2|text_align:center&#8221; use_theme_fonts=&#8221;yes&#8221; css=&#8221;%7B%22default%22%3A%7B%22color%22%3A%22%23ee2b53%22%2C%22text-align%22%3A%22center%22%2C%22font-size%22%3A%222.4rem%22%2C%22font-family%22%3A%22Buckwheat%20TC%20Sans%20Rough%22%2C%22font-weight%22%3A%22400%22%2C%22margin-left%22%3A%220%22%2C%22margin-top%22%3A%228px%22%2C%22margin-bottom%22%3A%228px%22%2C%22margin-right%22%3A%220%22%2C%22padding-left%22%3A%220%22%2C%22padding-top%22%3A%228px%22%2C%22padding-bottom%22%3A%228px%22%2C%22padding-right%22%3A%220%22%7D%2C%22laptops%22%3A%7B%22text-align%22%3A%22inherit%22%7D%2C%22tablets%22%3A%7B%22color%22%3A%22%23d84257%22%2C%22text-align%22%3A%22center%22%2C%22font-size%22%3A%222.0rem%22%2C%22font-family%22%3A%22Buckwheat%20TC%20Sans%20Rough%22%2C%22font-weight%22%3A%22400%22%7D%2C%22mobiles%22%3A%7B%22color%22%3A%22%23d84257%22%2C%22text-align%22%3A%22center%22%2C%22font-size%22%3A%221.6rem%22%2C%22font-family%22%3A%22Buckwheat%20TC%20Sans%20Rough%22%2C%22font-weight%22%3A%22400%22%7D%7D&#8221;]<\/div><\/div><\/div><\/div><\/div><\/section><section class=\"l-section wpb_row height_medium\"><div class=\"l-section-h i-cf\"><div class=\"g-cols vc_row via_flex valign_top type_default stacking_default\"><div class=\"vc_col-sm-12 wpb_column vc_column_container\"><div class=\"vc_column-inner\"><div class=\"wpb_wrapper\"><div class=\"wpb_text_column\"><div class=\"wpb_wrapper\"><p>[give_form id=&#8221;22196&#8243;]<\/p>\n<\/div><\/div><\/div><\/div><\/div><\/div><\/div><\/section>\n","protected":false},"excerpt":{"rendered":"[vc_custom_heading text=\"Pflege und Obhut von Tieren in not\" font_container=\"tag:h1|text_align:center\" use_theme_fonts=\"yes\" css=\"%7B%22default%22%3A%7B%22color%22%3A%22%23ee2b53%22%2C%22text-align%22%3A%22center%22%2C%22font-family%22%3A%22Buckwheat%20TC%20Sans%20Rough%22%2C%22font-weight%22%3A%22400%22%2C%22font-size%22%3A%222.4rem%22%2C%22margin-left%22%3A%220%22%2C%22margin-top%22%3A%228px%22%2C%22margin-bottom%22%3A%228px%22%2C%22margin-right%22%3A%220%22%2C%22padding-left%22%3A%220%22%2C%22padding-top%22%3A%228px%22%2C%22padding-bottom%22%3A%228px%22%2C%22padding-right%22%3A%220%22%7D%2C%22tablets%22%3A%7B%22color%22%3A%22%23d84257%22%2C%22text-align%22%3A%22center%22%2C%22font-family%22%3A%22Buckwheat%20TC%20Sans%20Rough%22%2C%22font-weight%22%3A%22400%22%2C%22font-size%22%3A%222.0rem%22%7D%2C%22mobiles%22%3A%7B%22color%22%3A%22%23d84257%22%2C%22text-align%22%3A%22center%22%2C%22font-family%22%3A%22Buckwheat%20TC%20Sans%20Rough%22%2C%22font-weight%22%3A%22400%22%2C%22font-size%22%3A%221.6rem%22%7D%7D\"]Wusstest du, dass Meerschweinchen bei guter Pflege etwa vier bis acht Jahre alt werden k\u00f6nnen? Kaninchen sogar zwischen acht und zw\u00f6lf. Monatlich hat man Ausgaben von ungef\u00e4hr 60\u20ac (ohne Tierarztkosten). \u2013 das macht lebenslang rund 5.000\u20ac. Es vergeht keine Woche ohne eine Anfrage von Familien,...","protected":false},"author":50,"featured_media":22311,"parent":0,"menu_order":0,"comment_status":"closed","ping_status":"closed","template":"","meta":{"inline_featured_image":false,"footnotes":""},"class_list":["post-22297","page","type-page","status-publish","has-post-thumbnail","hentry"],"yoast_head":"<!-- This site is optimized with the Yoast SEO plugin v27.6 - https:\/\/yoast.com\/product\/yoast-seo-wordpress\/ -->\n<title>Hilf uns helfen! - Fresopolis Mallorca<\/title>\n<meta name=\"description\" content=\"Wir wollen genau diesen Tieren die Chance auf ein neues zu Hause bieten.Und wenn du dich jetzt fragst, wie soll das gehen?\" \/>\n<meta name=\"robots\" content=\"index, follow, max-snippet:-1, max-image-preview:large, max-video-preview:-1\" \/>\n<link rel=\"canonical\" href=\"https:\/\/www.fresopolis-mallorca.com\/de\/hilf-uns-helfen\/\" \/>\n<meta property=\"og:locale\" content=\"de_DE\" \/>\n<meta property=\"og:type\" content=\"article\" \/>\n<meta property=\"og:title\" content=\"Hilf uns helfen! - Fresopolis Mallorca\" \/>\n<meta property=\"og:description\" content=\"Wir wollen genau diesen Tieren die Chance auf ein neues zu Hause bieten.Und wenn du dich jetzt fragst, wie soll das gehen?\" \/>\n<meta property=\"og:url\" content=\"https:\/\/www.fresopolis-mallorca.com\/de\/hilf-uns-helfen\/\" \/>\n<meta property=\"og:site_name\" content=\"Fresopolis Mallorca\" \/>\n<meta property=\"article:publisher\" content=\"https:\/\/www.facebook.com\/Fresopolis.Mallorca\" \/>\n<meta property=\"article:modified_time\" content=\"2023-06-15T13:32:14+00:00\" \/>\n<meta property=\"og:image\" content=\"https:\/\/www.fresopolis-mallorca.com\/wp-content\/uploads\/2023\/06\/Help-us-help-SM.jpg\" \/>\n\t<meta property=\"og:image:width\" content=\"1200\" \/>\n\t<meta property=\"og:image:height\" content=\"630\" \/>\n\t<meta property=\"og:image:type\" content=\"image\/jpeg\" \/>\n<meta name=\"twitter:card\" content=\"summary_large_image\" \/>\n<meta name=\"twitter:title\" content=\"Hilf uns helfen! - Fresopolis Mallorca\" \/>\n<meta name=\"twitter:description\" content=\"Wir wollen genau diesen Tieren die Chance auf ein neues zu Hause bieten.Und wenn du dich jetzt fragst, wie soll das gehen?\" \/>\n<meta name=\"twitter:image\" content=\"https:\/\/www.fresopolis-mallorca.com\/wp-content\/uploads\/2023\/06\/Help-us-help-SM.jpg\" \/>\n<meta name=\"twitter:label1\" content=\"Gesch\u00e4tzte Lesezeit\" \/>\n\t<meta name=\"twitter:data1\" content=\"4\u00a0Minuten\" \/>\n<script type=\"application\/ld+json\" class=\"yoast-schema-graph\">{\"@context\":\"https:\\\/\\\/schema.org\",\"@graph\":[{\"@type\":\"WebPage\",\"@id\":\"https:\\\/\\\/www.fresopolis-mallorca.com\\\/de\\\/hilf-uns-helfen\\\/\",\"url\":\"https:\\\/\\\/www.fresopolis-mallorca.com\\\/de\\\/hilf-uns-helfen\\\/\",\"name\":\"Hilf uns helfen! - Fresopolis Mallorca\",\"isPartOf\":{\"@id\":\"https:\\\/\\\/www.fresopolis-mallorca.com\\\/de\\\/#website\"},\"primaryImageOfPage\":{\"@id\":\"https:\\\/\\\/www.fresopolis-mallorca.com\\\/de\\\/hilf-uns-helfen\\\/#primaryimage\"},\"image\":{\"@id\":\"https:\\\/\\\/www.fresopolis-mallorca.com\\\/de\\\/hilf-uns-helfen\\\/#primaryimage\"},\"thumbnailUrl\":\"https:\\\/\\\/www.fresopolis-mallorca.com\\\/wp-content\\\/uploads\\\/2023\\\/06\\\/Help-us-help-SM.jpg\",\"datePublished\":\"2023-06-13T03:42:39+00:00\",\"dateModified\":\"2023-06-15T13:32:14+00:00\",\"description\":\"Wir wollen genau diesen Tieren die Chance auf ein neues zu Hause bieten.Und wenn du dich jetzt fragst, wie soll das gehen?\",\"breadcrumb\":{\"@id\":\"https:\\\/\\\/www.fresopolis-mallorca.com\\\/de\\\/hilf-uns-helfen\\\/#breadcrumb\"},\"inLanguage\":\"de\",\"potentialAction\":[{\"@type\":\"ReadAction\",\"target\":[\"https:\\\/\\\/www.fresopolis-mallorca.com\\\/de\\\/hilf-uns-helfen\\\/\"]}]},{\"@type\":\"ImageObject\",\"inLanguage\":\"de\",\"@id\":\"https:\\\/\\\/www.fresopolis-mallorca.com\\\/de\\\/hilf-uns-helfen\\\/#primaryimage\",\"url\":\"https:\\\/\\\/www.fresopolis-mallorca.com\\\/wp-content\\\/uploads\\\/2023\\\/06\\\/Help-us-help-SM.jpg\",\"contentUrl\":\"https:\\\/\\\/www.fresopolis-mallorca.com\\\/wp-content\\\/uploads\\\/2023\\\/06\\\/Help-us-help-SM.jpg\",\"width\":1200,\"height\":630,\"caption\":\"Help us help\"},{\"@type\":\"BreadcrumbList\",\"@id\":\"https:\\\/\\\/www.fresopolis-mallorca.com\\\/de\\\/hilf-uns-helfen\\\/#breadcrumb\",\"itemListElement\":[{\"@type\":\"ListItem\",\"position\":1,\"name\":\"Home\",\"item\":\"https:\\\/\\\/www.fresopolis-mallorca.com\\\/de\\\/\"},{\"@type\":\"ListItem\",\"position\":2,\"name\":\"Hilf uns helfen!\"}]},{\"@type\":\"WebSite\",\"@id\":\"https:\\\/\\\/www.fresopolis-mallorca.com\\\/de\\\/#website\",\"url\":\"https:\\\/\\\/www.fresopolis-mallorca.com\\\/de\\\/\",\"name\":\"Fresopolis Mallorca\",\"description\":\"Our unique children\u2019s farm for families on Mallorca\",\"publisher\":{\"@id\":\"https:\\\/\\\/www.fresopolis-mallorca.com\\\/de\\\/#organization\"},\"potentialAction\":[{\"@type\":\"SearchAction\",\"target\":{\"@type\":\"EntryPoint\",\"urlTemplate\":\"https:\\\/\\\/www.fresopolis-mallorca.com\\\/de\\\/?s={search_term_string}\"},\"query-input\":{\"@type\":\"PropertyValueSpecification\",\"valueRequired\":true,\"valueName\":\"search_term_string\"}}],\"inLanguage\":\"de\"},{\"@type\":\"Organization\",\"@id\":\"https:\\\/\\\/www.fresopolis-mallorca.com\\\/de\\\/#organization\",\"name\":\"Fresopolis Mallorca\",\"url\":\"https:\\\/\\\/www.fresopolis-mallorca.com\\\/de\\\/\",\"logo\":{\"@type\":\"ImageObject\",\"inLanguage\":\"de\",\"@id\":\"https:\\\/\\\/www.fresopolis-mallorca.com\\\/de\\\/#\\\/schema\\\/logo\\\/image\\\/\",\"url\":\"https:\\\/\\\/www.fresopolis-mallorca.com\\\/wp-content\\\/uploads\\\/2022\\\/04\\\/Fresopolis-Mallorca-Family-Farm.jpg\",\"contentUrl\":\"https:\\\/\\\/www.fresopolis-mallorca.com\\\/wp-content\\\/uploads\\\/2022\\\/04\\\/Fresopolis-Mallorca-Family-Farm.jpg\",\"width\":784,\"height\":784,\"caption\":\"Fresopolis Mallorca\"},\"image\":{\"@id\":\"https:\\\/\\\/www.fresopolis-mallorca.com\\\/de\\\/#\\\/schema\\\/logo\\\/image\\\/\"},\"sameAs\":[\"https:\\\/\\\/www.facebook.com\\\/Fresopolis.Mallorca\",\"https:\\\/\\\/www.instagram.com\\\/fresopolis.mallorca\\\/\",\"https:\\\/\\\/www.youtube.com\\\/channel\\\/UCu9D6GxBDXUImkm7dihPyvg\"]}]}<\/script>\n<!-- \/ Yoast SEO plugin. -->","yoast_head_json":{"title":"Hilf uns helfen! - Fresopolis Mallorca","description":"Wir wollen genau diesen Tieren die Chance auf ein neues zu Hause bieten.Und wenn du dich jetzt fragst, wie soll das gehen?","robots":{"index":"index","follow":"follow","max-snippet":"max-snippet:-1","max-image-preview":"max-image-preview:large","max-video-preview":"max-video-preview:-1"},"canonical":"https:\/\/www.fresopolis-mallorca.com\/de\/hilf-uns-helfen\/","og_locale":"de_DE","og_type":"article","og_title":"Hilf uns helfen! - Fresopolis Mallorca","og_description":"Wir wollen genau diesen Tieren die Chance auf ein neues zu Hause bieten.Und wenn du dich jetzt fragst, wie soll das gehen?","og_url":"https:\/\/www.fresopolis-mallorca.com\/de\/hilf-uns-helfen\/","og_site_name":"Fresopolis Mallorca","article_publisher":"https:\/\/www.facebook.com\/Fresopolis.Mallorca","article_modified_time":"2023-06-15T13:32:14+00:00","og_image":[{"width":1200,"height":630,"url":"https:\/\/www.fresopolis-mallorca.com\/wp-content\/uploads\/2023\/06\/Help-us-help-SM.jpg","type":"image\/jpeg"}],"twitter_card":"summary_large_image","twitter_title":"Hilf uns helfen! - Fresopolis Mallorca","twitter_description":"Wir wollen genau diesen Tieren die Chance auf ein neues zu Hause bieten.Und wenn du dich jetzt fragst, wie soll das gehen?","twitter_image":"https:\/\/www.fresopolis-mallorca.com\/wp-content\/uploads\/2023\/06\/Help-us-help-SM.jpg","twitter_misc":{"Gesch\u00e4tzte Lesezeit":"4\u00a0Minuten"},"schema":{"@context":"https:\/\/schema.org","@graph":[{"@type":"WebPage","@id":"https:\/\/www.fresopolis-mallorca.com\/de\/hilf-uns-helfen\/","url":"https:\/\/www.fresopolis-mallorca.com\/de\/hilf-uns-helfen\/","name":"Hilf uns helfen! - Fresopolis Mallorca","isPartOf":{"@id":"https:\/\/www.fresopolis-mallorca.com\/de\/#website"},"primaryImageOfPage":{"@id":"https:\/\/www.fresopolis-mallorca.com\/de\/hilf-uns-helfen\/#primaryimage"},"image":{"@id":"https:\/\/www.fresopolis-mallorca.com\/de\/hilf-uns-helfen\/#primaryimage"},"thumbnailUrl":"https:\/\/www.fresopolis-mallorca.com\/wp-content\/uploads\/2023\/06\/Help-us-help-SM.jpg","datePublished":"2023-06-13T03:42:39+00:00","dateModified":"2023-06-15T13:32:14+00:00","description":"Wir wollen genau diesen Tieren die Chance auf ein neues zu Hause bieten.Und wenn du dich jetzt fragst, wie soll das gehen?","breadcrumb":{"@id":"https:\/\/www.fresopolis-mallorca.com\/de\/hilf-uns-helfen\/#breadcrumb"},"inLanguage":"de","potentialAction":[{"@type":"ReadAction","target":["https:\/\/www.fresopolis-mallorca.com\/de\/hilf-uns-helfen\/"]}]},{"@type":"ImageObject","inLanguage":"de","@id":"https:\/\/www.fresopolis-mallorca.com\/de\/hilf-uns-helfen\/#primaryimage","url":"https:\/\/www.fresopolis-mallorca.com\/wp-content\/uploads\/2023\/06\/Help-us-help-SM.jpg","contentUrl":"https:\/\/www.fresopolis-mallorca.com\/wp-content\/uploads\/2023\/06\/Help-us-help-SM.jpg","width":1200,"height":630,"caption":"Help us help"},{"@type":"BreadcrumbList","@id":"https:\/\/www.fresopolis-mallorca.com\/de\/hilf-uns-helfen\/#breadcrumb","itemListElement":[{"@type":"ListItem","position":1,"name":"Home","item":"https:\/\/www.fresopolis-mallorca.com\/de\/"},{"@type":"ListItem","position":2,"name":"Hilf uns helfen!"}]},{"@type":"WebSite","@id":"https:\/\/www.fresopolis-mallorca.com\/de\/#website","url":"https:\/\/www.fresopolis-mallorca.com\/de\/","name":"Fresopolis Mallorca","description":"Our unique children\u2019s farm for families on Mallorca","publisher":{"@id":"https:\/\/www.fresopolis-mallorca.com\/de\/#organization"},"potentialAction":[{"@type":"SearchAction","target":{"@type":"EntryPoint","urlTemplate":"https:\/\/www.fresopolis-mallorca.com\/de\/?s={search_term_string}"},"query-input":{"@type":"PropertyValueSpecification","valueRequired":true,"valueName":"search_term_string"}}],"inLanguage":"de"},{"@type":"Organization","@id":"https:\/\/www.fresopolis-mallorca.com\/de\/#organization","name":"Fresopolis Mallorca","url":"https:\/\/www.fresopolis-mallorca.com\/de\/","logo":{"@type":"ImageObject","inLanguage":"de","@id":"https:\/\/www.fresopolis-mallorca.com\/de\/#\/schema\/logo\/image\/","url":"https:\/\/www.fresopolis-mallorca.com\/wp-content\/uploads\/2022\/04\/Fresopolis-Mallorca-Family-Farm.jpg","contentUrl":"https:\/\/www.fresopolis-mallorca.com\/wp-content\/uploads\/2022\/04\/Fresopolis-Mallorca-Family-Farm.jpg","width":784,"height":784,"caption":"Fresopolis Mallorca"},"image":{"@id":"https:\/\/www.fresopolis-mallorca.com\/de\/#\/schema\/logo\/image\/"},"sameAs":["https:\/\/www.facebook.com\/Fresopolis.Mallorca","https:\/\/www.instagram.com\/fresopolis.mallorca\/","https:\/\/www.youtube.com\/channel\/UCu9D6GxBDXUImkm7dihPyvg"]}]}},"_links":{"self":[{"href":"https:\/\/www.fresopolis-mallorca.com\/de\/wp-json\/wp\/v2\/pages\/22297","targetHints":{"allow":["GET"]}}],"collection":[{"href":"https:\/\/www.fresopolis-mallorca.com\/de\/wp-json\/wp\/v2\/pages"}],"about":[{"href":"https:\/\/www.fresopolis-mallorca.com\/de\/wp-json\/wp\/v2\/types\/page"}],"author":[{"embeddable":true,"href":"https:\/\/www.fresopolis-mallorca.com\/de\/wp-json\/wp\/v2\/users\/50"}],"replies":[{"embeddable":true,"href":"https:\/\/www.fresopolis-mallorca.com\/de\/wp-json\/wp\/v2\/comments?post=22297"}],"version-history":[{"count":0,"href":"https:\/\/www.fresopolis-mallorca.com\/de\/wp-json\/wp\/v2\/pages\/22297\/revisions"}],"wp:featuredmedia":[{"embeddable":true,"href":"https:\/\/www.fresopolis-mallorca.com\/de\/wp-json\/wp\/v2\/media\/22311"}],"wp:attachment":[{"href":"https:\/\/www.fresopolis-mallorca.com\/de\/wp-json\/wp\/v2\/media?parent=22297"}],"curies":[{"name":"wp","href":"https:\/\/api.w.org\/{rel}","templated":true}]}}