{"id":18416,"date":"2021-08-02T05:15:39","date_gmt":"2021-08-02T03:15:39","guid":{"rendered":"https:\/\/www.fresopolis-mallorca.com\/services\/egg-club\/"},"modified":"2022-07-26T05:44:21","modified_gmt":"2022-07-26T03:44:21","slug":"egg-club","status":"publish","type":"product","link":"https:\/\/www.fresopolis-mallorca.com\/de\/dienstleistungen\/egg-club\/","title":{"rendered":"Egg Club"},"content":{"rendered":"<p>Eier ZUR ABHOLUNG Vorort (keine Lieferung)<\/p>\n<p>Zahlung und Best\u00e4tigung (kann eine Einmalige Zahlung sein oder sich j\u00e4hrlich verl\u00e4ngern, wenn m\u00f6glich)<\/p>\n<p>Mit der Best\u00e4tigung einen Text bekommen, dass die Kundenkarte zur Abholung an unserer Kasse liegt mit erster Abholung<\/p>\n","protected":false},"excerpt":{"rendered":"<p>Eier ZUR ABHOLUNG Vorort (keine Lieferung) Zahlung und Best\u00e4tigung (kann eine Einmalige Zahlung sein oder sich j\u00e4hrlich verl\u00e4ngern, wenn m\u00f6glich) Mit der Best\u00e4tigung einen Text bekommen, dass die Kundenkarte zur Abholung an unserer Kasse liegt mit erster Abholung<\/p>\n","protected":false},"featured_media":9576,"template":"","meta":{"inline_featured_image":false},"product_brand":[],"product_cat":[114],"product_tag":[],"class_list":{"0":"post-18416","1":"product","2":"type-product","3":"status-publish","4":"has-post-thumbnail","6":"product_cat-egg-club-de","8":"first","9":"instock","10":"virtual","11":"sold-individually","12":"purchasable","13":"product-type-simple"},"yoast_head":"<!-- This site is optimized with the Yoast SEO plugin v27.5 - https:\/\/yoast.com\/product\/yoast-seo-wordpress\/ -->\n<title>Egg Club - Fresopolis Mallorca<\/title>\n<meta name=\"description\" content=\"So einfach sicherst Du dir mit Deiner Egg Club Mitgliedschaft jeden Monat 12 frische Eier mit allen Vorteilen\" \/>\n<meta name=\"robots\" content=\"index, follow, max-snippet:-1, max-image-preview:large, max-video-preview:-1\" \/>\n<link rel=\"canonical\" href=\"https:\/\/www.fresopolis-mallorca.com\/de\/dienstleistungen\/egg-club\/\" \/>\n<meta property=\"og:locale\" content=\"de_DE\" \/>\n<meta property=\"og:type\" content=\"article\" \/>\n<meta property=\"og:title\" content=\"Egg Club - Fresopolis Mallorca\" \/>\n<meta property=\"og:description\" content=\"So einfach sicherst Du dir mit Deiner Egg Club Mitgliedschaft jeden Monat 12 frische Eier mit allen Vorteilen\" \/>\n<meta property=\"og:url\" content=\"https:\/\/www.fresopolis-mallorca.com\/de\/dienstleistungen\/egg-club\/\" \/>\n<meta property=\"og:site_name\" content=\"Fresopolis Mallorca\" \/>\n<meta property=\"article:publisher\" content=\"https:\/\/www.facebook.com\/Fresopolis.Mallorca\" \/>\n<meta property=\"article:modified_time\" content=\"2022-07-26T03:44:21+00:00\" \/>\n<meta property=\"og:image\" content=\"https:\/\/www.fresopolis-mallorca.com\/wp-content\/uploads\/2021\/09\/Join-the-egg-club-1-scaled.jpg\" \/>\n\t<meta property=\"og:image:width\" content=\"2560\" \/>\n\t<meta property=\"og:image:height\" content=\"1617\" \/>\n\t<meta property=\"og:image:type\" content=\"image\/jpeg\" \/>\n<meta name=\"twitter:card\" content=\"summary_large_image\" \/>\n<script type=\"application\/ld+json\" class=\"yoast-schema-graph\">{\"@context\":\"https:\\\/\\\/schema.org\",\"@graph\":[{\"@type\":\"WebPage\",\"@id\":\"https:\\\/\\\/www.fresopolis-mallorca.com\\\/de\\\/dienstleistungen\\\/egg-club\\\/\",\"url\":\"https:\\\/\\\/www.fresopolis-mallorca.com\\\/de\\\/dienstleistungen\\\/egg-club\\\/\",\"name\":\"Egg Club - Fresopolis Mallorca\",\"isPartOf\":{\"@id\":\"https:\\\/\\\/www.fresopolis-mallorca.com\\\/de\\\/#website\"},\"primaryImageOfPage\":{\"@id\":\"https:\\\/\\\/www.fresopolis-mallorca.com\\\/de\\\/dienstleistungen\\\/egg-club\\\/#primaryimage\"},\"image\":{\"@id\":\"https:\\\/\\\/www.fresopolis-mallorca.com\\\/de\\\/dienstleistungen\\\/egg-club\\\/#primaryimage\"},\"thumbnailUrl\":\"https:\\\/\\\/www.fresopolis-mallorca.com\\\/wp-content\\\/uploads\\\/2021\\\/09\\\/Join-the-egg-club-1-scaled.jpg\",\"datePublished\":\"2021-08-02T03:15:39+00:00\",\"dateModified\":\"2022-07-26T03:44:21+00:00\",\"description\":\"So einfach sicherst Du dir mit Deiner Egg Club Mitgliedschaft jeden Monat 12 frische Eier mit allen Vorteilen\",\"breadcrumb\":{\"@id\":\"https:\\\/\\\/www.fresopolis-mallorca.com\\\/de\\\/dienstleistungen\\\/egg-club\\\/#breadcrumb\"},\"inLanguage\":\"de\",\"potentialAction\":[{\"@type\":\"ReadAction\",\"target\":[\"https:\\\/\\\/www.fresopolis-mallorca.com\\\/de\\\/dienstleistungen\\\/egg-club\\\/\"]}]},{\"@type\":\"ImageObject\",\"inLanguage\":\"de\",\"@id\":\"https:\\\/\\\/www.fresopolis-mallorca.com\\\/de\\\/dienstleistungen\\\/egg-club\\\/#primaryimage\",\"url\":\"https:\\\/\\\/www.fresopolis-mallorca.com\\\/wp-content\\\/uploads\\\/2021\\\/09\\\/Join-the-egg-club-1-scaled.jpg\",\"contentUrl\":\"https:\\\/\\\/www.fresopolis-mallorca.com\\\/wp-content\\\/uploads\\\/2021\\\/09\\\/Join-the-egg-club-1-scaled.jpg\",\"width\":2560,\"height\":1617,\"caption\":\"Werde Mitglied im Egg Club!\"},{\"@type\":\"BreadcrumbList\",\"@id\":\"https:\\\/\\\/www.fresopolis-mallorca.com\\\/de\\\/dienstleistungen\\\/egg-club\\\/#breadcrumb\",\"itemListElement\":[{\"@type\":\"ListItem\",\"position\":1,\"name\":\"Home\",\"item\":\"https:\\\/\\\/www.fresopolis-mallorca.com\\\/de\\\/\"},{\"@type\":\"ListItem\",\"position\":2,\"name\":\"Shop\",\"item\":\"https:\\\/\\\/www.fresopolis-mallorca.com\\\/de\\\/?page_id=9171\"},{\"@type\":\"ListItem\",\"position\":3,\"name\":\"Egg Club\"}]},{\"@type\":\"WebSite\",\"@id\":\"https:\\\/\\\/www.fresopolis-mallorca.com\\\/de\\\/#website\",\"url\":\"https:\\\/\\\/www.fresopolis-mallorca.com\\\/de\\\/\",\"name\":\"Fresopolis Mallorca\",\"description\":\"Our unique children\u2019s farm for families on Mallorca\",\"publisher\":{\"@id\":\"https:\\\/\\\/www.fresopolis-mallorca.com\\\/de\\\/#organization\"},\"potentialAction\":[{\"@type\":\"SearchAction\",\"target\":{\"@type\":\"EntryPoint\",\"urlTemplate\":\"https:\\\/\\\/www.fresopolis-mallorca.com\\\/de\\\/?s={search_term_string}\"},\"query-input\":{\"@type\":\"PropertyValueSpecification\",\"valueRequired\":true,\"valueName\":\"search_term_string\"}}],\"inLanguage\":\"de\"},{\"@type\":\"Organization\",\"@id\":\"https:\\\/\\\/www.fresopolis-mallorca.com\\\/de\\\/#organization\",\"name\":\"Fresopolis Mallorca\",\"url\":\"https:\\\/\\\/www.fresopolis-mallorca.com\\\/de\\\/\",\"logo\":{\"@type\":\"ImageObject\",\"inLanguage\":\"de\",\"@id\":\"https:\\\/\\\/www.fresopolis-mallorca.com\\\/de\\\/#\\\/schema\\\/logo\\\/image\\\/\",\"url\":\"https:\\\/\\\/www.fresopolis-mallorca.com\\\/wp-content\\\/uploads\\\/2022\\\/04\\\/Fresopolis-Mallorca-Family-Farm.jpg\",\"contentUrl\":\"https:\\\/\\\/www.fresopolis-mallorca.com\\\/wp-content\\\/uploads\\\/2022\\\/04\\\/Fresopolis-Mallorca-Family-Farm.jpg\",\"width\":784,\"height\":784,\"caption\":\"Fresopolis Mallorca\"},\"image\":{\"@id\":\"https:\\\/\\\/www.fresopolis-mallorca.com\\\/de\\\/#\\\/schema\\\/logo\\\/image\\\/\"},\"sameAs\":[\"https:\\\/\\\/www.facebook.com\\\/Fresopolis.Mallorca\",\"https:\\\/\\\/www.instagram.com\\\/fresopolis.mallorca\\\/\",\"https:\\\/\\\/www.youtube.com\\\/channel\\\/UCu9D6GxBDXUImkm7dihPyvg\"]}]}<\/script>\n<!-- \/ Yoast SEO plugin. -->","yoast_head_json":{"title":"Egg Club - Fresopolis Mallorca","description":"So einfach sicherst Du dir mit Deiner Egg Club Mitgliedschaft jeden Monat 12 frische Eier mit allen Vorteilen","robots":{"index":"index","follow":"follow","max-snippet":"max-snippet:-1","max-image-preview":"max-image-preview:large","max-video-preview":"max-video-preview:-1"},"canonical":"https:\/\/www.fresopolis-mallorca.com\/de\/dienstleistungen\/egg-club\/","og_locale":"de_DE","og_type":"article","og_title":"Egg Club - Fresopolis Mallorca","og_description":"So einfach sicherst Du dir mit Deiner Egg Club Mitgliedschaft jeden Monat 12 frische Eier mit allen Vorteilen","og_url":"https:\/\/www.fresopolis-mallorca.com\/de\/dienstleistungen\/egg-club\/","og_site_name":"Fresopolis Mallorca","article_publisher":"https:\/\/www.facebook.com\/Fresopolis.Mallorca","article_modified_time":"2022-07-26T03:44:21+00:00","og_image":[{"width":2560,"height":1617,"url":"https:\/\/www.fresopolis-mallorca.com\/wp-content\/uploads\/2021\/09\/Join-the-egg-club-1-scaled.jpg","type":"image\/jpeg"}],"twitter_card":"summary_large_image","schema":{"@context":"https:\/\/schema.org","@graph":[{"@type":"WebPage","@id":"https:\/\/www.fresopolis-mallorca.com\/de\/dienstleistungen\/egg-club\/","url":"https:\/\/www.fresopolis-mallorca.com\/de\/dienstleistungen\/egg-club\/","name":"Egg Club - Fresopolis Mallorca","isPartOf":{"@id":"https:\/\/www.fresopolis-mallorca.com\/de\/#website"},"primaryImageOfPage":{"@id":"https:\/\/www.fresopolis-mallorca.com\/de\/dienstleistungen\/egg-club\/#primaryimage"},"image":{"@id":"https:\/\/www.fresopolis-mallorca.com\/de\/dienstleistungen\/egg-club\/#primaryimage"},"thumbnailUrl":"https:\/\/www.fresopolis-mallorca.com\/wp-content\/uploads\/2021\/09\/Join-the-egg-club-1-scaled.jpg","datePublished":"2021-08-02T03:15:39+00:00","dateModified":"2022-07-26T03:44:21+00:00","description":"So einfach sicherst Du dir mit Deiner Egg Club Mitgliedschaft jeden Monat 12 frische Eier mit allen Vorteilen","breadcrumb":{"@id":"https:\/\/www.fresopolis-mallorca.com\/de\/dienstleistungen\/egg-club\/#breadcrumb"},"inLanguage":"de","potentialAction":[{"@type":"ReadAction","target":["https:\/\/www.fresopolis-mallorca.com\/de\/dienstleistungen\/egg-club\/"]}]},{"@type":"ImageObject","inLanguage":"de","@id":"https:\/\/www.fresopolis-mallorca.com\/de\/dienstleistungen\/egg-club\/#primaryimage","url":"https:\/\/www.fresopolis-mallorca.com\/wp-content\/uploads\/2021\/09\/Join-the-egg-club-1-scaled.jpg","contentUrl":"https:\/\/www.fresopolis-mallorca.com\/wp-content\/uploads\/2021\/09\/Join-the-egg-club-1-scaled.jpg","width":2560,"height":1617,"caption":"Werde Mitglied im Egg Club!"},{"@type":"BreadcrumbList","@id":"https:\/\/www.fresopolis-mallorca.com\/de\/dienstleistungen\/egg-club\/#breadcrumb","itemListElement":[{"@type":"ListItem","position":1,"name":"Home","item":"https:\/\/www.fresopolis-mallorca.com\/de\/"},{"@type":"ListItem","position":2,"name":"Shop","item":"https:\/\/www.fresopolis-mallorca.com\/de\/?page_id=9171"},{"@type":"ListItem","position":3,"name":"Egg Club"}]},{"@type":"WebSite","@id":"https:\/\/www.fresopolis-mallorca.com\/de\/#website","url":"https:\/\/www.fresopolis-mallorca.com\/de\/","name":"Fresopolis Mallorca","description":"Our unique children\u2019s farm for families on Mallorca","publisher":{"@id":"https:\/\/www.fresopolis-mallorca.com\/de\/#organization"},"potentialAction":[{"@type":"SearchAction","target":{"@type":"EntryPoint","urlTemplate":"https:\/\/www.fresopolis-mallorca.com\/de\/?s={search_term_string}"},"query-input":{"@type":"PropertyValueSpecification","valueRequired":true,"valueName":"search_term_string"}}],"inLanguage":"de"},{"@type":"Organization","@id":"https:\/\/www.fresopolis-mallorca.com\/de\/#organization","name":"Fresopolis Mallorca","url":"https:\/\/www.fresopolis-mallorca.com\/de\/","logo":{"@type":"ImageObject","inLanguage":"de","@id":"https:\/\/www.fresopolis-mallorca.com\/de\/#\/schema\/logo\/image\/","url":"https:\/\/www.fresopolis-mallorca.com\/wp-content\/uploads\/2022\/04\/Fresopolis-Mallorca-Family-Farm.jpg","contentUrl":"https:\/\/www.fresopolis-mallorca.com\/wp-content\/uploads\/2022\/04\/Fresopolis-Mallorca-Family-Farm.jpg","width":784,"height":784,"caption":"Fresopolis Mallorca"},"image":{"@id":"https:\/\/www.fresopolis-mallorca.com\/de\/#\/schema\/logo\/image\/"},"sameAs":["https:\/\/www.facebook.com\/Fresopolis.Mallorca","https:\/\/www.instagram.com\/fresopolis.mallorca\/","https:\/\/www.youtube.com\/channel\/UCu9D6GxBDXUImkm7dihPyvg"]}]}},"_links":{"self":[{"href":"https:\/\/www.fresopolis-mallorca.com\/de\/wp-json\/wp\/v2\/product\/18416","targetHints":{"allow":["GET"]}}],"collection":[{"href":"https:\/\/www.fresopolis-mallorca.com\/de\/wp-json\/wp\/v2\/product"}],"about":[{"href":"https:\/\/www.fresopolis-mallorca.com\/de\/wp-json\/wp\/v2\/types\/product"}],"wp:featuredmedia":[{"embeddable":true,"href":"https:\/\/www.fresopolis-mallorca.com\/de\/wp-json\/wp\/v2\/media\/9576"}],"wp:attachment":[{"href":"https:\/\/www.fresopolis-mallorca.com\/de\/wp-json\/wp\/v2\/media?parent=18416"}],"wp:term":[{"taxonomy":"product_brand","embeddable":true,"href":"https:\/\/www.fresopolis-mallorca.com\/de\/wp-json\/wp\/v2\/product_brand?post=18416"},{"taxonomy":"product_cat","embeddable":true,"href":"https:\/\/www.fresopolis-mallorca.com\/de\/wp-json\/wp\/v2\/product_cat?post=18416"},{"taxonomy":"product_tag","embeddable":true,"href":"https:\/\/www.fresopolis-mallorca.com\/de\/wp-json\/wp\/v2\/product_tag?post=18416"}],"curies":[{"name":"wp","href":"https:\/\/api.w.org\/{rel}","templated":true}]}}