{"id":20438,"date":"2022-05-29T10:01:37","date_gmt":"2022-05-29T08:01:37","guid":{"rendered":"https:\/\/www.fresopolis-mallorca.com\/preguntas-frecuentes-faq\/"},"modified":"2022-05-30T07:29:23","modified_gmt":"2022-05-30T05:29:23","slug":"faqs","status":"publish","type":"page","link":"https:\/\/www.fresopolis-mallorca.com\/es\/faqs\/","title":{"rendered":"Preguntas frecuentes &#8211; FAQ"},"content":{"rendered":"<section class=\"l-section wpb_row us_custom_4af741be height_auto width_full\"><div class=\"l-section-h i-cf\"><div class=\"g-cols vc_row via_flex valign_top type_default stacking_default\"><div class=\"vc_col-sm-12 wpb_column vc_column_container\"><div class=\"vc_column-inner us_custom_4af741be\"><div class=\"wpb_wrapper\"><div class=\"w-image align_center\"><div class=\"w-image-h\"><img decoding=\"async\" width=\"1920\" height=\"650\" src=\"https:\/\/www.fresopolis-mallorca.com\/wp-content\/uploads\/2022\/03\/Frequently-Asked-Questions.jpg\" class=\"attachment-full size-full\" alt=\"Preguntas frecuentes\" loading=\"lazy\" srcset=\"https:\/\/www.fresopolis-mallorca.com\/wp-content\/uploads\/2022\/03\/Frequently-Asked-Questions.jpg 1920w, https:\/\/www.fresopolis-mallorca.com\/wp-content\/uploads\/2022\/03\/Frequently-Asked-Questions-300x102.jpg 300w, https:\/\/www.fresopolis-mallorca.com\/wp-content\/uploads\/2022\/03\/Frequently-Asked-Questions-1024x347.jpg 1024w, https:\/\/www.fresopolis-mallorca.com\/wp-content\/uploads\/2022\/03\/Frequently-Asked-Questions-200x68.jpg 200w, https:\/\/www.fresopolis-mallorca.com\/wp-content\/uploads\/2022\/03\/Frequently-Asked-Questions-600x203.jpg 600w\" sizes=\"auto, (max-width: 1920px) 100vw, 1920px\" \/><\/div><\/div><\/div><\/div><\/div><\/div><\/div><\/section><section class=\"l-section wpb_row height_auto\"><div class=\"l-section-h i-cf\"><div class=\"g-cols vc_row via_flex valign_top type_default stacking_default\"><div class=\"vc_col-sm-12 wpb_column vc_column_container\"><div class=\"vc_column-inner\"><div class=\"wpb_wrapper\">[vc_custom_heading text=&#8221;Preguntas frecuentes &#8211; FAQ&#8221; font_container=&#8221;tag:h1|text_align:center&#8221; use_theme_fonts=&#8221;yes&#8221; css=&#8221;%7B%22default%22%3A%7B%22color%22%3A%22%23ee2b53%22%2C%22text-align%22%3A%22center%22%2C%22font-family%22%3A%22Buckwheat%20TC%20Sans%20Rough%22%2C%22font-weight%22%3A%22400%22%2C%22font-size%22%3A%222.4rem%22%2C%22margin-left%22%3A%220%22%2C%22margin-top%22%3A%228px%22%2C%22margin-bottom%22%3A%228px%22%2C%22margin-right%22%3A%220%22%2C%22padding-left%22%3A%220%22%2C%22padding-top%22%3A%228px%22%2C%22padding-bottom%22%3A%228px%22%2C%22padding-right%22%3A%220%22%7D%2C%22laptops%22%3A%7B%22text-align%22%3A%22inherit%22%7D%2C%22tablets%22%3A%7B%22color%22%3A%22%23d84257%22%2C%22text-align%22%3A%22center%22%2C%22font-family%22%3A%22Buckwheat%20TC%20Sans%20Rough%22%2C%22font-weight%22%3A%22400%22%2C%22font-size%22%3A%222.0rem%22%7D%2C%22mobiles%22%3A%7B%22color%22%3A%22%23d84257%22%2C%22text-align%22%3A%22center%22%2C%22font-family%22%3A%22Buckwheat%20TC%20Sans%20Rough%22%2C%22font-weight%22%3A%22400%22%2C%22font-size%22%3A%221.6rem%22%7D%7D&#8221;]<\/div><\/div><\/div><\/div><\/div><\/section><section class=\"l-section wpb_row us_custom_e65bc926 has_text_color height_small\"><div class=\"l-section-h i-cf\"><div class=\"g-cols vc_row via_flex valign_top type_default stacking_default\"><div class=\"vc_col-sm-12 wpb_column vc_column_container\"><div class=\"vc_column-inner\"><div class=\"wpb_wrapper\"><div class=\"wpb_text_column us_custom_3415c6d7 has_text_color\"><div class=\"wpb_wrapper\"><p>Aqu\u00ed hay una selecci\u00f3n de la mayor\u00eda de las preguntas que recibimos de nuestros clientes en Fresopolis Mallorca. Si encuentra que alguna de sus preguntas no tiene respuesta aqu\u00ed en la p\u00e1gina de preguntas frecuentes, no dude en ponerse en contacto con nosotros en info@fresopolis-mallorca.com y estaremos encantados de responder a sus preguntas.<\/p>\n<\/div><\/div><\/div><\/div><\/div><\/div><\/div><\/section><section class=\"l-section wpb_row height_medium\"><div class=\"l-section-h i-cf\"><div class=\"g-cols vc_row via_flex valign_top type_default stacking_default\"><div class=\"vc_col-sm-12 wpb_column vc_column_container\"><div class=\"vc_column-inner\"><div class=\"wpb_wrapper\">[vc_raw_html]JTNDZGl2JTIwaXRlbXNjb3BlJTIwaXRlbXR5cGUlM0QlMjJodHRwcyUzQSUyRiUyRnNjaGVtYS5vcmclMkZGQVFQYWdlJTIyJTNFJTBBJTVCdGFiYnklMjB0aXRsZSUzRCUyMkluZm9ybWFjaSVDMyVCM24lMjBnZW5lcmFsJTIyJTVEJTBBJTVCd3B2LXZpZXclMjBuYW1lJTNEJTI3ZmFxLXZpZXctZ2VuZXJhbC1pbmZvcm1hdGlvbiUyNyU1RCUwQSU1QnRhYmJ5JTIwdGl0bGUlM0QlMjJBY3RpdmlkYWRlcyUyMCUyNiUyMHByb2dyYW1hcyUyMiU1RCUwQSU1Qndwdi12aWV3JTIwbmFtZSUzRCUyN2ZhcS12aWV3LWFjdGl2aXRpZXMtcHJvZ3JhbXMlMjclNUQlMEElNUJ0YWJieSUyMHRpdGxlJTNEJTIyUmVzZXJ2YXMlMjAlMjYlMjBncnVwb3MlMjIlNUQlMEElNUJ3cHYtdmlldyUyMG5hbWUlM0QlMjdmYXEtdmlldy1ib29raW5nLWdyb3VwcyUyNyU1RCUwQSU1QnRhYmJ5JTIwdGl0bGUlM0QlMjJGcmVzYXMlMjAlMjYlMjBwcm9kdWN0b3MlMjIlNUQlMEElNUJ3cHYtdmlldyUyMG5hbWUlM0QlMjdmYXEtdmlldy1zdHJhd2JlcnJ5LWZhcm0tcHJvZHVjdHMlMjclNUQlMEElNUJ0YWJieSUyMHRpdGxlJTNEJTIyQXBhZHJpbmFtaWVudG9zJTIweSUyMHByb3RlY2NpJUMzJUIzbiUyMGRlJTIwYW5pbWFsZXMlMjIlNUQlMEElNUJ3cHYtdmlldyUyMG5hbWUlM0QlMjdmYXEtdmlldy1hbmltYWwtc3BvbnNvcnNoaXAtcHJvdGVjdGlvbiUyNyU1RCUwQSU1QnRhYmJ5ZW5kaW5nJTVEJTBBJTNDJTJGZGl2JTNF[\/vc_raw_html]<\/div><\/div><\/div><\/div><\/div><\/section>\n","protected":false},"excerpt":{"rendered":"[vc_custom_heading text=\"Preguntas frecuentes - FAQ\" font_container=\"tag:h1|text_align:center\" use_theme_fonts=\"yes\" css=\"%7B%22default%22%3A%7B%22color%22%3A%22%23ee2b53%22%2C%22text-align%22%3A%22center%22%2C%22font-family%22%3A%22Buckwheat%20TC%20Sans%20Rough%22%2C%22font-weight%22%3A%22400%22%2C%22font-size%22%3A%222.4rem%22%2C%22margin-left%22%3A%220%22%2C%22margin-top%22%3A%228px%22%2C%22margin-bottom%22%3A%228px%22%2C%22margin-right%22%3A%220%22%2C%22padding-left%22%3A%220%22%2C%22padding-top%22%3A%228px%22%2C%22padding-bottom%22%3A%228px%22%2C%22padding-right%22%3A%220%22%7D%2C%22laptops%22%3A%7B%22text-align%22%3A%22inherit%22%7D%2C%22tablets%22%3A%7B%22color%22%3A%22%23d84257%22%2C%22text-align%22%3A%22center%22%2C%22font-family%22%3A%22Buckwheat%20TC%20Sans%20Rough%22%2C%22font-weight%22%3A%22400%22%2C%22font-size%22%3A%222.0rem%22%7D%2C%22mobiles%22%3A%7B%22color%22%3A%22%23d84257%22%2C%22text-align%22%3A%22center%22%2C%22font-family%22%3A%22Buckwheat%20TC%20Sans%20Rough%22%2C%22font-weight%22%3A%22400%22%2C%22font-size%22%3A%221.6rem%22%7D%7D\"]Aqu\u00ed hay una selecci\u00f3n de la mayor\u00eda de las preguntas que recibimos de nuestros clientes en Fresopolis Mallorca. Si encuentra que alguna de sus preguntas no tiene respuesta aqu\u00ed en la p\u00e1gina de preguntas frecuentes, no dude en ponerse en contacto con nosotros en info@fresopolis-mallorca.com y estaremos encantados...","protected":false},"author":50,"featured_media":0,"parent":0,"menu_order":0,"comment_status":"closed","ping_status":"closed","template":"","meta":{"inline_featured_image":false,"footnotes":""},"class_list":["post-20438","page","type-page","status-publish","hentry"],"yoast_head":"<!-- This site is optimized with the Yoast SEO plugin v27.5 - https:\/\/yoast.com\/product\/yoast-seo-wordpress\/ -->\n<title>Preguntas frecuentes - FAQ<\/title>\n<meta name=\"robots\" content=\"index, follow, max-snippet:-1, max-image-preview:large, max-video-preview:-1\" \/>\n<link rel=\"canonical\" href=\"https:\/\/www.fresopolis-mallorca.com\/es\/faqs\/\" \/>\n<meta property=\"og:locale\" content=\"es_ES\" \/>\n<meta property=\"og:type\" content=\"article\" \/>\n<meta property=\"og:title\" content=\"Preguntas frecuentes - FAQ\" \/>\n<meta property=\"og:url\" content=\"https:\/\/www.fresopolis-mallorca.com\/es\/faqs\/\" \/>\n<meta property=\"og:site_name\" content=\"Fresopolis Mallorca\" \/>\n<meta property=\"article:publisher\" content=\"https:\/\/www.facebook.com\/Fresopolis.Mallorca\" \/>\n<meta property=\"article:modified_time\" content=\"2022-05-30T05:29:23+00:00\" \/>\n<meta name=\"twitter:card\" content=\"summary_large_image\" \/>\n<meta name=\"twitter:label1\" content=\"Tiempo de lectura\" \/>\n\t<meta name=\"twitter:data1\" content=\"2 minutos\" \/>\n<script type=\"application\/ld+json\" class=\"yoast-schema-graph\">{\"@context\":\"https:\\\/\\\/schema.org\",\"@graph\":[{\"@type\":\"WebPage\",\"@id\":\"https:\\\/\\\/www.fresopolis-mallorca.com\\\/es\\\/faqs\\\/\",\"url\":\"https:\\\/\\\/www.fresopolis-mallorca.com\\\/es\\\/faqs\\\/\",\"name\":\"Preguntas frecuentes - FAQ\",\"isPartOf\":{\"@id\":\"https:\\\/\\\/www.fresopolis-mallorca.com\\\/es\\\/#website\"},\"datePublished\":\"2022-05-29T08:01:37+00:00\",\"dateModified\":\"2022-05-30T05:29:23+00:00\",\"breadcrumb\":{\"@id\":\"https:\\\/\\\/www.fresopolis-mallorca.com\\\/es\\\/faqs\\\/#breadcrumb\"},\"inLanguage\":\"es\",\"potentialAction\":[{\"@type\":\"ReadAction\",\"target\":[\"https:\\\/\\\/www.fresopolis-mallorca.com\\\/es\\\/faqs\\\/\"]}]},{\"@type\":\"BreadcrumbList\",\"@id\":\"https:\\\/\\\/www.fresopolis-mallorca.com\\\/es\\\/faqs\\\/#breadcrumb\",\"itemListElement\":[{\"@type\":\"ListItem\",\"position\":1,\"name\":\"Home\",\"item\":\"https:\\\/\\\/www.fresopolis-mallorca.com\\\/es\\\/\"},{\"@type\":\"ListItem\",\"position\":2,\"name\":\"Preguntas frecuentes &#8211; FAQ\"}]},{\"@type\":\"WebSite\",\"@id\":\"https:\\\/\\\/www.fresopolis-mallorca.com\\\/es\\\/#website\",\"url\":\"https:\\\/\\\/www.fresopolis-mallorca.com\\\/es\\\/\",\"name\":\"Fresopolis Mallorca\",\"description\":\"Our unique children\u2019s farm for families on Mallorca\",\"publisher\":{\"@id\":\"https:\\\/\\\/www.fresopolis-mallorca.com\\\/es\\\/#organization\"},\"potentialAction\":[{\"@type\":\"SearchAction\",\"target\":{\"@type\":\"EntryPoint\",\"urlTemplate\":\"https:\\\/\\\/www.fresopolis-mallorca.com\\\/es\\\/?s={search_term_string}\"},\"query-input\":{\"@type\":\"PropertyValueSpecification\",\"valueRequired\":true,\"valueName\":\"search_term_string\"}}],\"inLanguage\":\"es\"},{\"@type\":\"Organization\",\"@id\":\"https:\\\/\\\/www.fresopolis-mallorca.com\\\/es\\\/#organization\",\"name\":\"Fresopolis Mallorca\",\"url\":\"https:\\\/\\\/www.fresopolis-mallorca.com\\\/es\\\/\",\"logo\":{\"@type\":\"ImageObject\",\"inLanguage\":\"es\",\"@id\":\"https:\\\/\\\/www.fresopolis-mallorca.com\\\/es\\\/#\\\/schema\\\/logo\\\/image\\\/\",\"url\":\"https:\\\/\\\/www.fresopolis-mallorca.com\\\/wp-content\\\/uploads\\\/2022\\\/04\\\/Fresopolis-Mallorca-Family-Farm.jpg\",\"contentUrl\":\"https:\\\/\\\/www.fresopolis-mallorca.com\\\/wp-content\\\/uploads\\\/2022\\\/04\\\/Fresopolis-Mallorca-Family-Farm.jpg\",\"width\":784,\"height\":784,\"caption\":\"Fresopolis Mallorca\"},\"image\":{\"@id\":\"https:\\\/\\\/www.fresopolis-mallorca.com\\\/es\\\/#\\\/schema\\\/logo\\\/image\\\/\"},\"sameAs\":[\"https:\\\/\\\/www.facebook.com\\\/Fresopolis.Mallorca\",\"https:\\\/\\\/www.instagram.com\\\/fresopolis.mallorca\\\/\",\"https:\\\/\\\/www.youtube.com\\\/channel\\\/UCu9D6GxBDXUImkm7dihPyvg\"]}]}<\/script>\n<!-- \/ Yoast SEO plugin. -->","yoast_head_json":{"title":"Preguntas frecuentes - FAQ","robots":{"index":"index","follow":"follow","max-snippet":"max-snippet:-1","max-image-preview":"max-image-preview:large","max-video-preview":"max-video-preview:-1"},"canonical":"https:\/\/www.fresopolis-mallorca.com\/es\/faqs\/","og_locale":"es_ES","og_type":"article","og_title":"Preguntas frecuentes - FAQ","og_url":"https:\/\/www.fresopolis-mallorca.com\/es\/faqs\/","og_site_name":"Fresopolis Mallorca","article_publisher":"https:\/\/www.facebook.com\/Fresopolis.Mallorca","article_modified_time":"2022-05-30T05:29:23+00:00","twitter_card":"summary_large_image","twitter_misc":{"Tiempo de lectura":"2 minutos"},"schema":{"@context":"https:\/\/schema.org","@graph":[{"@type":"WebPage","@id":"https:\/\/www.fresopolis-mallorca.com\/es\/faqs\/","url":"https:\/\/www.fresopolis-mallorca.com\/es\/faqs\/","name":"Preguntas frecuentes - FAQ","isPartOf":{"@id":"https:\/\/www.fresopolis-mallorca.com\/es\/#website"},"datePublished":"2022-05-29T08:01:37+00:00","dateModified":"2022-05-30T05:29:23+00:00","breadcrumb":{"@id":"https:\/\/www.fresopolis-mallorca.com\/es\/faqs\/#breadcrumb"},"inLanguage":"es","potentialAction":[{"@type":"ReadAction","target":["https:\/\/www.fresopolis-mallorca.com\/es\/faqs\/"]}]},{"@type":"BreadcrumbList","@id":"https:\/\/www.fresopolis-mallorca.com\/es\/faqs\/#breadcrumb","itemListElement":[{"@type":"ListItem","position":1,"name":"Home","item":"https:\/\/www.fresopolis-mallorca.com\/es\/"},{"@type":"ListItem","position":2,"name":"Preguntas frecuentes &#8211; FAQ"}]},{"@type":"WebSite","@id":"https:\/\/www.fresopolis-mallorca.com\/es\/#website","url":"https:\/\/www.fresopolis-mallorca.com\/es\/","name":"Fresopolis Mallorca","description":"Our unique children\u2019s farm for families on Mallorca","publisher":{"@id":"https:\/\/www.fresopolis-mallorca.com\/es\/#organization"},"potentialAction":[{"@type":"SearchAction","target":{"@type":"EntryPoint","urlTemplate":"https:\/\/www.fresopolis-mallorca.com\/es\/?s={search_term_string}"},"query-input":{"@type":"PropertyValueSpecification","valueRequired":true,"valueName":"search_term_string"}}],"inLanguage":"es"},{"@type":"Organization","@id":"https:\/\/www.fresopolis-mallorca.com\/es\/#organization","name":"Fresopolis Mallorca","url":"https:\/\/www.fresopolis-mallorca.com\/es\/","logo":{"@type":"ImageObject","inLanguage":"es","@id":"https:\/\/www.fresopolis-mallorca.com\/es\/#\/schema\/logo\/image\/","url":"https:\/\/www.fresopolis-mallorca.com\/wp-content\/uploads\/2022\/04\/Fresopolis-Mallorca-Family-Farm.jpg","contentUrl":"https:\/\/www.fresopolis-mallorca.com\/wp-content\/uploads\/2022\/04\/Fresopolis-Mallorca-Family-Farm.jpg","width":784,"height":784,"caption":"Fresopolis Mallorca"},"image":{"@id":"https:\/\/www.fresopolis-mallorca.com\/es\/#\/schema\/logo\/image\/"},"sameAs":["https:\/\/www.facebook.com\/Fresopolis.Mallorca","https:\/\/www.instagram.com\/fresopolis.mallorca\/","https:\/\/www.youtube.com\/channel\/UCu9D6GxBDXUImkm7dihPyvg"]}]}},"_links":{"self":[{"href":"https:\/\/www.fresopolis-mallorca.com\/es\/wp-json\/wp\/v2\/pages\/20438","targetHints":{"allow":["GET"]}}],"collection":[{"href":"https:\/\/www.fresopolis-mallorca.com\/es\/wp-json\/wp\/v2\/pages"}],"about":[{"href":"https:\/\/www.fresopolis-mallorca.com\/es\/wp-json\/wp\/v2\/types\/page"}],"author":[{"embeddable":true,"href":"https:\/\/www.fresopolis-mallorca.com\/es\/wp-json\/wp\/v2\/users\/50"}],"replies":[{"embeddable":true,"href":"https:\/\/www.fresopolis-mallorca.com\/es\/wp-json\/wp\/v2\/comments?post=20438"}],"version-history":[{"count":0,"href":"https:\/\/www.fresopolis-mallorca.com\/es\/wp-json\/wp\/v2\/pages\/20438\/revisions"}],"wp:attachment":[{"href":"https:\/\/www.fresopolis-mallorca.com\/es\/wp-json\/wp\/v2\/media?parent=20438"}],"curies":[{"name":"wp","href":"https:\/\/api.w.org\/{rel}","templated":true}]}}