{"id":22203,"date":"2023-06-01T01:49:22","date_gmt":"2023-05-31T23:49:22","guid":{"rendered":"https:\/\/www.fresopolis-mallorca.com\/donacion\/"},"modified":"2023-06-09T11:00:50","modified_gmt":"2023-06-09T09:00:50","slug":"donacion","status":"publish","type":"page","link":"https:\/\/www.fresopolis-mallorca.com\/es\/donacion\/","title":{"rendered":"Donaci\u00f3n"},"content":{"rendered":"<section class=\"l-section wpb_row us_custom_4af741be height_auto width_full\"><div class=\"l-section-h i-cf\"><div class=\"g-cols vc_row via_flex valign_top type_default stacking_default\"><div class=\"vc_col-sm-12 wpb_column vc_column_container\"><div class=\"vc_column-inner us_custom_4af741be\"><div class=\"wpb_wrapper\"><div class=\"w-image align_center\"><div class=\"w-image-h\"><img decoding=\"async\" width=\"2560\" height=\"1967\" src=\"https:\/\/www.fresopolis-mallorca.com\/wp-content\/uploads\/2021\/11\/Animal-Sponsorship-Header.jpg\" class=\"attachment-full size-full\" alt=\"CUIDAMOS A ANIMALES NECESITADOS\" loading=\"lazy\" srcset=\"https:\/\/www.fresopolis-mallorca.com\/wp-content\/uploads\/2021\/11\/Animal-Sponsorship-Header.jpg 2560w, https:\/\/www.fresopolis-mallorca.com\/wp-content\/uploads\/2021\/11\/Animal-Sponsorship-Header-300x231.jpg 300w, https:\/\/www.fresopolis-mallorca.com\/wp-content\/uploads\/2021\/11\/Animal-Sponsorship-Header-1024x787.jpg 1024w, https:\/\/www.fresopolis-mallorca.com\/wp-content\/uploads\/2021\/11\/Animal-Sponsorship-Header-200x154.jpg 200w, https:\/\/www.fresopolis-mallorca.com\/wp-content\/uploads\/2021\/11\/Animal-Sponsorship-Header-600x461.jpg 600w\" sizes=\"auto, (max-width: 2560px) 100vw, 2560px\" \/><\/div><\/div><\/div><\/div><\/div><\/div><\/div><\/section><section class=\"l-section wpb_row height_auto\"><div class=\"l-section-h i-cf\"><div class=\"g-cols vc_row via_flex valign_top type_default stacking_default\"><div class=\"vc_col-sm-12 wpb_column vc_column_container\"><div class=\"vc_column-inner\"><div class=\"wpb_wrapper\">[vc_custom_heading text=&#8221;Cuidamos A Animales Necesitados&#8221; font_container=&#8221;tag:h1|text_align:center&#8221; use_theme_fonts=&#8221;yes&#8221; css=&#8221;%7B%22default%22%3A%7B%22color%22%3A%22%23ee2b53%22%2C%22text-align%22%3A%22center%22%2C%22font-size%22%3A%222.4rem%22%2C%22font-family%22%3A%22Buckwheat%20TC%20Sans%20Rough%22%2C%22font-weight%22%3A%22400%22%2C%22margin-left%22%3A%220%22%2C%22margin-top%22%3A%228px%22%2C%22margin-bottom%22%3A%228px%22%2C%22margin-right%22%3A%220%22%2C%22padding-left%22%3A%220%22%2C%22padding-top%22%3A%228px%22%2C%22padding-bottom%22%3A%228px%22%2C%22padding-right%22%3A%220%22%7D%2C%22laptops%22%3A%7B%22text-align%22%3A%22inherit%22%7D%2C%22tablets%22%3A%7B%22color%22%3A%22%23d84257%22%2C%22text-align%22%3A%22center%22%2C%22font-size%22%3A%222.0rem%22%2C%22font-family%22%3A%22Buckwheat%20TC%20Sans%20Rough%22%2C%22font-weight%22%3A%22400%22%7D%2C%22mobiles%22%3A%7B%22color%22%3A%22%23d84257%22%2C%22text-align%22%3A%22center%22%2C%22font-size%22%3A%221.6rem%22%2C%22font-family%22%3A%22Buckwheat%20TC%20Sans%20Rough%22%2C%22font-weight%22%3A%22400%22%7D%7D&#8221;]<\/div><\/div><\/div><\/div><\/div><\/section><section class=\"l-section wpb_row height_small\"><div class=\"l-section-h i-cf\"><div class=\"g-cols vc_row via_flex valign_top type_default stacking_default\"><div class=\"vc_col-sm-12 wpb_column vc_column_container\"><div class=\"vc_column-inner\"><div class=\"wpb_wrapper\"><div class=\"wpb_text_column us_custom_ebbdc731\"><div class=\"wpb_wrapper\"><p>\u00bfSab\u00edas que las cobayas pueden vivir entre cuatro y ocho a\u00f1os si est\u00e1n bien cuidadas? Los conejos llegan a vivir entre ocho y doce. Los gastos mensuales son de unos 60 euros (sin gastos veterinarios). &#8211; Eso hace unos 5.000 euros para toda la vida.<\/p>\n<p>No pasa una semana sin que nos lleguen peticiones de familias que han comprado peque\u00f1os animales de compa\u00f1\u00eda para sus hijos y ahora no pueden o ya no quieren mantenerlos. Ya sea por los cuidados o los costes, o simplemente porque los ni\u00f1os no se ocupan de las mascotas.<\/p>\n<p>Y eso es exactamente lo que representa FRESOPOLIS. Por supuesto, acogemos a los peque\u00f1os peludos antes de que simplemente sean abandonados como cientos de otros animales en Mallorca. Actualmente ya tenemos m\u00e1s de 50 de estos graciosos compa\u00f1eritos y siempre nos alegramos cuando les encontramos un nuevo hogar.<\/p>\n<p>Desgraciadamente, no s\u00f3lo se nos ofrecen las naricitas peludas, sino tambi\u00e9n animales predominantemente de granja. Porque la idea de vivir en una finca con ovejas, cabras y gallinas parece muy atractiva para muchos. Luego las circunstancias cambian (tiempo, espacio, dinero) y de repente estos animales tambi\u00e9n necesitan un nuevo hogar. Para evitar que queden atados o abandonados a su suerte, necesitamos tu ayuda constantemente.<\/p>\n<p>El n\u00famero de animales que tienen un &#8220;hogar&#8221; pero son maltratados, como nuestro FERDINANDO, es grande. Demasiado grande. El sol de Mallorca calienta demasiado como para dejar a los animales en sus propios excrementos en unos pocos metros cuadrados sin agua fresca ni comida.<\/p>\n<p>Queremos ofrecer a estos animales la oportunidad de un nuevo hogar. Y si se pregunta ahora, \u00bfc\u00f3mo va a funcionar eso? La granja es limitada, \u00bfno? As\u00ed es. Acogemos a los animales, les damos tiempo para que se aclimaten y les encontramos un nuevo hogar donde ser\u00e1n tratados como se merecen.<\/p>\n<p><strong>\u00a1Y usted puede ayudarnos!<\/strong><\/p>\n<\/div><\/div><\/div><\/div><\/div><\/div><\/div><\/section><section class=\"l-section wpb_row height_auto\"><div class=\"l-section-h i-cf\"><div class=\"g-cols vc_row via_flex valign_top type_default stacking_default\"><div class=\"vc_col-sm-12 wpb_column vc_column_container\"><div class=\"vc_column-inner\"><div class=\"wpb_wrapper\">[vc_custom_heading text=&#8221;Donaci\u00f3n&#8221; font_container=&#8221;tag:h2|text_align:center&#8221; use_theme_fonts=&#8221;yes&#8221; css=&#8221;%7B%22default%22%3A%7B%22color%22%3A%22%23ee2b53%22%2C%22text-align%22%3A%22center%22%2C%22font-size%22%3A%222.4rem%22%2C%22font-family%22%3A%22Buckwheat%20TC%20Sans%20Rough%22%2C%22font-weight%22%3A%22400%22%2C%22margin-left%22%3A%220%22%2C%22margin-top%22%3A%228px%22%2C%22margin-bottom%22%3A%228px%22%2C%22margin-right%22%3A%220%22%2C%22padding-left%22%3A%220%22%2C%22padding-top%22%3A%228px%22%2C%22padding-bottom%22%3A%228px%22%2C%22padding-right%22%3A%220%22%7D%2C%22laptops%22%3A%7B%22text-align%22%3A%22inherit%22%7D%2C%22tablets%22%3A%7B%22color%22%3A%22%23d84257%22%2C%22text-align%22%3A%22center%22%2C%22font-size%22%3A%222.0rem%22%2C%22font-family%22%3A%22Buckwheat%20TC%20Sans%20Rough%22%2C%22font-weight%22%3A%22400%22%7D%2C%22mobiles%22%3A%7B%22color%22%3A%22%23d84257%22%2C%22text-align%22%3A%22center%22%2C%22font-size%22%3A%221.6rem%22%2C%22font-family%22%3A%22Buckwheat%20TC%20Sans%20Rough%22%2C%22font-weight%22%3A%22400%22%7D%7D&#8221;]<\/div><\/div><\/div><\/div><\/div><\/section><section class=\"l-section wpb_row height_medium\"><div class=\"l-section-h i-cf\"><div class=\"g-cols vc_row via_flex valign_top type_default stacking_default\"><div class=\"vc_col-sm-12 wpb_column vc_column_container\"><div class=\"vc_column-inner\"><div class=\"wpb_wrapper\"><div class=\"wpb_text_column\"><div class=\"wpb_wrapper\"><p>[give_form id=&#8221;22205&#8243;]<\/p>\n<\/div><\/div><\/div><\/div><\/div><\/div><\/div><\/section>\n","protected":false},"excerpt":{"rendered":"[vc_custom_heading text=\"Cuidamos A Animales Necesitados\" font_container=\"tag:h1|text_align:center\" use_theme_fonts=\"yes\" css=\"%7B%22default%22%3A%7B%22color%22%3A%22%23ee2b53%22%2C%22text-align%22%3A%22center%22%2C%22font-size%22%3A%222.4rem%22%2C%22font-family%22%3A%22Buckwheat%20TC%20Sans%20Rough%22%2C%22font-weight%22%3A%22400%22%2C%22margin-left%22%3A%220%22%2C%22margin-top%22%3A%228px%22%2C%22margin-bottom%22%3A%228px%22%2C%22margin-right%22%3A%220%22%2C%22padding-left%22%3A%220%22%2C%22padding-top%22%3A%228px%22%2C%22padding-bottom%22%3A%228px%22%2C%22padding-right%22%3A%220%22%7D%2C%22laptops%22%3A%7B%22text-align%22%3A%22inherit%22%7D%2C%22tablets%22%3A%7B%22color%22%3A%22%23d84257%22%2C%22text-align%22%3A%22center%22%2C%22font-size%22%3A%222.0rem%22%2C%22font-family%22%3A%22Buckwheat%20TC%20Sans%20Rough%22%2C%22font-weight%22%3A%22400%22%7D%2C%22mobiles%22%3A%7B%22color%22%3A%22%23d84257%22%2C%22text-align%22%3A%22center%22%2C%22font-size%22%3A%221.6rem%22%2C%22font-family%22%3A%22Buckwheat%20TC%20Sans%20Rough%22%2C%22font-weight%22%3A%22400%22%7D%7D\"]\u00bfSab\u00edas que las cobayas pueden vivir entre cuatro y ocho a\u00f1os si est\u00e1n bien cuidadas? Los conejos llegan a vivir entre ocho y doce. Los gastos mensuales son de unos 60 euros (sin gastos veterinarios). &#8211; Eso hace unos 5.000 euros para toda la vida. No pasa una...","protected":false},"author":50,"featured_media":22244,"parent":0,"menu_order":0,"comment_status":"closed","ping_status":"closed","template":"","meta":{"inline_featured_image":false,"footnotes":""},"class_list":["post-22203","page","type-page","status-publish","has-post-thumbnail","hentry"],"yoast_head":"<!-- This site is optimized with the Yoast SEO plugin v27.5 - https:\/\/yoast.com\/product\/yoast-seo-wordpress\/ -->\n<title>Donaci\u00f3n - Fresopolis Mallorca<\/title>\n<meta name=\"description\" content=\"Todas las donaciones tienen un impacto positivo directo en el cuidado de los animales, su alimentaci\u00f3n y nuestro trabajo conjunto con ellos.\" \/>\n<meta name=\"robots\" content=\"index, follow, max-snippet:-1, max-image-preview:large, max-video-preview:-1\" \/>\n<link rel=\"canonical\" href=\"https:\/\/www.fresopolis-mallorca.com\/es\/donacion\/\" \/>\n<meta property=\"og:locale\" content=\"es_ES\" \/>\n<meta property=\"og:type\" content=\"article\" \/>\n<meta property=\"og:title\" content=\"Donaci\u00f3n - Fresopolis Mallorca\" \/>\n<meta property=\"og:description\" content=\"Todas las donaciones tienen un impacto positivo directo en el cuidado de los animales, su alimentaci\u00f3n y nuestro trabajo conjunto con ellos.\" \/>\n<meta property=\"og:url\" content=\"https:\/\/www.fresopolis-mallorca.com\/es\/donacion\/\" \/>\n<meta property=\"og:site_name\" content=\"Fresopolis Mallorca\" \/>\n<meta property=\"article:publisher\" content=\"https:\/\/www.facebook.com\/Fresopolis.Mallorca\" \/>\n<meta property=\"article:modified_time\" content=\"2023-06-09T09:00:50+00:00\" \/>\n<meta property=\"og:image\" content=\"https:\/\/www.fresopolis-mallorca.com\/wp-content\/uploads\/2023\/06\/Animal-Sponsorship-SM.jpg\" \/>\n\t<meta property=\"og:image:width\" content=\"1200\" \/>\n\t<meta property=\"og:image:height\" content=\"630\" \/>\n\t<meta property=\"og:image:type\" content=\"image\/jpeg\" \/>\n<meta name=\"twitter:card\" content=\"summary_large_image\" \/>\n<meta name=\"twitter:title\" content=\"Donaci\u00f3n - Fresopolis Mallorca\" \/>\n<meta name=\"twitter:description\" content=\"Todas las donaciones tienen un impacto positivo directo en el cuidado de los animales, su alimentaci\u00f3n y nuestro trabajo conjunto con ellos.\" \/>\n<meta name=\"twitter:image\" content=\"https:\/\/www.fresopolis-mallorca.com\/wp-content\/uploads\/2023\/06\/Animal-Sponsorship-SM.jpg\" \/>\n<meta name=\"twitter:label1\" content=\"Tiempo de lectura\" \/>\n\t<meta name=\"twitter:data1\" content=\"4 minutos\" \/>\n<script type=\"application\/ld+json\" class=\"yoast-schema-graph\">{\"@context\":\"https:\\\/\\\/schema.org\",\"@graph\":[{\"@type\":\"WebPage\",\"@id\":\"https:\\\/\\\/www.fresopolis-mallorca.com\\\/es\\\/donacion\\\/\",\"url\":\"https:\\\/\\\/www.fresopolis-mallorca.com\\\/es\\\/donacion\\\/\",\"name\":\"Donaci\u00f3n - Fresopolis Mallorca\",\"isPartOf\":{\"@id\":\"https:\\\/\\\/www.fresopolis-mallorca.com\\\/es\\\/#website\"},\"primaryImageOfPage\":{\"@id\":\"https:\\\/\\\/www.fresopolis-mallorca.com\\\/es\\\/donacion\\\/#primaryimage\"},\"image\":{\"@id\":\"https:\\\/\\\/www.fresopolis-mallorca.com\\\/es\\\/donacion\\\/#primaryimage\"},\"thumbnailUrl\":\"https:\\\/\\\/www.fresopolis-mallorca.com\\\/wp-content\\\/uploads\\\/2023\\\/06\\\/Animal-Sponsorship-SM.jpg\",\"datePublished\":\"2023-05-31T23:49:22+00:00\",\"dateModified\":\"2023-06-09T09:00:50+00:00\",\"description\":\"Todas las donaciones tienen un impacto positivo directo en el cuidado de los animales, su alimentaci\u00f3n y nuestro trabajo conjunto con ellos.\",\"breadcrumb\":{\"@id\":\"https:\\\/\\\/www.fresopolis-mallorca.com\\\/es\\\/donacion\\\/#breadcrumb\"},\"inLanguage\":\"es\",\"potentialAction\":[{\"@type\":\"ReadAction\",\"target\":[\"https:\\\/\\\/www.fresopolis-mallorca.com\\\/es\\\/donacion\\\/\"]}]},{\"@type\":\"ImageObject\",\"inLanguage\":\"es\",\"@id\":\"https:\\\/\\\/www.fresopolis-mallorca.com\\\/es\\\/donacion\\\/#primaryimage\",\"url\":\"https:\\\/\\\/www.fresopolis-mallorca.com\\\/wp-content\\\/uploads\\\/2023\\\/06\\\/Animal-Sponsorship-SM.jpg\",\"contentUrl\":\"https:\\\/\\\/www.fresopolis-mallorca.com\\\/wp-content\\\/uploads\\\/2023\\\/06\\\/Animal-Sponsorship-SM.jpg\",\"width\":1200,\"height\":630},{\"@type\":\"BreadcrumbList\",\"@id\":\"https:\\\/\\\/www.fresopolis-mallorca.com\\\/es\\\/donacion\\\/#breadcrumb\",\"itemListElement\":[{\"@type\":\"ListItem\",\"position\":1,\"name\":\"Home\",\"item\":\"https:\\\/\\\/www.fresopolis-mallorca.com\\\/es\\\/\"},{\"@type\":\"ListItem\",\"position\":2,\"name\":\"Donaci\u00f3n\"}]},{\"@type\":\"WebSite\",\"@id\":\"https:\\\/\\\/www.fresopolis-mallorca.com\\\/es\\\/#website\",\"url\":\"https:\\\/\\\/www.fresopolis-mallorca.com\\\/es\\\/\",\"name\":\"Fresopolis Mallorca\",\"description\":\"Our unique children\u2019s farm for families on Mallorca\",\"publisher\":{\"@id\":\"https:\\\/\\\/www.fresopolis-mallorca.com\\\/es\\\/#organization\"},\"potentialAction\":[{\"@type\":\"SearchAction\",\"target\":{\"@type\":\"EntryPoint\",\"urlTemplate\":\"https:\\\/\\\/www.fresopolis-mallorca.com\\\/es\\\/?s={search_term_string}\"},\"query-input\":{\"@type\":\"PropertyValueSpecification\",\"valueRequired\":true,\"valueName\":\"search_term_string\"}}],\"inLanguage\":\"es\"},{\"@type\":\"Organization\",\"@id\":\"https:\\\/\\\/www.fresopolis-mallorca.com\\\/es\\\/#organization\",\"name\":\"Fresopolis Mallorca\",\"url\":\"https:\\\/\\\/www.fresopolis-mallorca.com\\\/es\\\/\",\"logo\":{\"@type\":\"ImageObject\",\"inLanguage\":\"es\",\"@id\":\"https:\\\/\\\/www.fresopolis-mallorca.com\\\/es\\\/#\\\/schema\\\/logo\\\/image\\\/\",\"url\":\"https:\\\/\\\/www.fresopolis-mallorca.com\\\/wp-content\\\/uploads\\\/2022\\\/04\\\/Fresopolis-Mallorca-Family-Farm.jpg\",\"contentUrl\":\"https:\\\/\\\/www.fresopolis-mallorca.com\\\/wp-content\\\/uploads\\\/2022\\\/04\\\/Fresopolis-Mallorca-Family-Farm.jpg\",\"width\":784,\"height\":784,\"caption\":\"Fresopolis Mallorca\"},\"image\":{\"@id\":\"https:\\\/\\\/www.fresopolis-mallorca.com\\\/es\\\/#\\\/schema\\\/logo\\\/image\\\/\"},\"sameAs\":[\"https:\\\/\\\/www.facebook.com\\\/Fresopolis.Mallorca\",\"https:\\\/\\\/www.instagram.com\\\/fresopolis.mallorca\\\/\",\"https:\\\/\\\/www.youtube.com\\\/channel\\\/UCu9D6GxBDXUImkm7dihPyvg\"]}]}<\/script>\n<!-- \/ Yoast SEO plugin. -->","yoast_head_json":{"title":"Donaci\u00f3n - Fresopolis Mallorca","description":"Todas las donaciones tienen un impacto positivo directo en el cuidado de los animales, su alimentaci\u00f3n y nuestro trabajo conjunto con ellos.","robots":{"index":"index","follow":"follow","max-snippet":"max-snippet:-1","max-image-preview":"max-image-preview:large","max-video-preview":"max-video-preview:-1"},"canonical":"https:\/\/www.fresopolis-mallorca.com\/es\/donacion\/","og_locale":"es_ES","og_type":"article","og_title":"Donaci\u00f3n - Fresopolis Mallorca","og_description":"Todas las donaciones tienen un impacto positivo directo en el cuidado de los animales, su alimentaci\u00f3n y nuestro trabajo conjunto con ellos.","og_url":"https:\/\/www.fresopolis-mallorca.com\/es\/donacion\/","og_site_name":"Fresopolis Mallorca","article_publisher":"https:\/\/www.facebook.com\/Fresopolis.Mallorca","article_modified_time":"2023-06-09T09:00:50+00:00","og_image":[{"width":1200,"height":630,"url":"https:\/\/www.fresopolis-mallorca.com\/wp-content\/uploads\/2023\/06\/Animal-Sponsorship-SM.jpg","type":"image\/jpeg"}],"twitter_card":"summary_large_image","twitter_title":"Donaci\u00f3n - Fresopolis Mallorca","twitter_description":"Todas las donaciones tienen un impacto positivo directo en el cuidado de los animales, su alimentaci\u00f3n y nuestro trabajo conjunto con ellos.","twitter_image":"https:\/\/www.fresopolis-mallorca.com\/wp-content\/uploads\/2023\/06\/Animal-Sponsorship-SM.jpg","twitter_misc":{"Tiempo de lectura":"4 minutos"},"schema":{"@context":"https:\/\/schema.org","@graph":[{"@type":"WebPage","@id":"https:\/\/www.fresopolis-mallorca.com\/es\/donacion\/","url":"https:\/\/www.fresopolis-mallorca.com\/es\/donacion\/","name":"Donaci\u00f3n - Fresopolis Mallorca","isPartOf":{"@id":"https:\/\/www.fresopolis-mallorca.com\/es\/#website"},"primaryImageOfPage":{"@id":"https:\/\/www.fresopolis-mallorca.com\/es\/donacion\/#primaryimage"},"image":{"@id":"https:\/\/www.fresopolis-mallorca.com\/es\/donacion\/#primaryimage"},"thumbnailUrl":"https:\/\/www.fresopolis-mallorca.com\/wp-content\/uploads\/2023\/06\/Animal-Sponsorship-SM.jpg","datePublished":"2023-05-31T23:49:22+00:00","dateModified":"2023-06-09T09:00:50+00:00","description":"Todas las donaciones tienen un impacto positivo directo en el cuidado de los animales, su alimentaci\u00f3n y nuestro trabajo conjunto con ellos.","breadcrumb":{"@id":"https:\/\/www.fresopolis-mallorca.com\/es\/donacion\/#breadcrumb"},"inLanguage":"es","potentialAction":[{"@type":"ReadAction","target":["https:\/\/www.fresopolis-mallorca.com\/es\/donacion\/"]}]},{"@type":"ImageObject","inLanguage":"es","@id":"https:\/\/www.fresopolis-mallorca.com\/es\/donacion\/#primaryimage","url":"https:\/\/www.fresopolis-mallorca.com\/wp-content\/uploads\/2023\/06\/Animal-Sponsorship-SM.jpg","contentUrl":"https:\/\/www.fresopolis-mallorca.com\/wp-content\/uploads\/2023\/06\/Animal-Sponsorship-SM.jpg","width":1200,"height":630},{"@type":"BreadcrumbList","@id":"https:\/\/www.fresopolis-mallorca.com\/es\/donacion\/#breadcrumb","itemListElement":[{"@type":"ListItem","position":1,"name":"Home","item":"https:\/\/www.fresopolis-mallorca.com\/es\/"},{"@type":"ListItem","position":2,"name":"Donaci\u00f3n"}]},{"@type":"WebSite","@id":"https:\/\/www.fresopolis-mallorca.com\/es\/#website","url":"https:\/\/www.fresopolis-mallorca.com\/es\/","name":"Fresopolis Mallorca","description":"Our unique children\u2019s farm for families on Mallorca","publisher":{"@id":"https:\/\/www.fresopolis-mallorca.com\/es\/#organization"},"potentialAction":[{"@type":"SearchAction","target":{"@type":"EntryPoint","urlTemplate":"https:\/\/www.fresopolis-mallorca.com\/es\/?s={search_term_string}"},"query-input":{"@type":"PropertyValueSpecification","valueRequired":true,"valueName":"search_term_string"}}],"inLanguage":"es"},{"@type":"Organization","@id":"https:\/\/www.fresopolis-mallorca.com\/es\/#organization","name":"Fresopolis Mallorca","url":"https:\/\/www.fresopolis-mallorca.com\/es\/","logo":{"@type":"ImageObject","inLanguage":"es","@id":"https:\/\/www.fresopolis-mallorca.com\/es\/#\/schema\/logo\/image\/","url":"https:\/\/www.fresopolis-mallorca.com\/wp-content\/uploads\/2022\/04\/Fresopolis-Mallorca-Family-Farm.jpg","contentUrl":"https:\/\/www.fresopolis-mallorca.com\/wp-content\/uploads\/2022\/04\/Fresopolis-Mallorca-Family-Farm.jpg","width":784,"height":784,"caption":"Fresopolis Mallorca"},"image":{"@id":"https:\/\/www.fresopolis-mallorca.com\/es\/#\/schema\/logo\/image\/"},"sameAs":["https:\/\/www.facebook.com\/Fresopolis.Mallorca","https:\/\/www.instagram.com\/fresopolis.mallorca\/","https:\/\/www.youtube.com\/channel\/UCu9D6GxBDXUImkm7dihPyvg"]}]}},"_links":{"self":[{"href":"https:\/\/www.fresopolis-mallorca.com\/es\/wp-json\/wp\/v2\/pages\/22203","targetHints":{"allow":["GET"]}}],"collection":[{"href":"https:\/\/www.fresopolis-mallorca.com\/es\/wp-json\/wp\/v2\/pages"}],"about":[{"href":"https:\/\/www.fresopolis-mallorca.com\/es\/wp-json\/wp\/v2\/types\/page"}],"author":[{"embeddable":true,"href":"https:\/\/www.fresopolis-mallorca.com\/es\/wp-json\/wp\/v2\/users\/50"}],"replies":[{"embeddable":true,"href":"https:\/\/www.fresopolis-mallorca.com\/es\/wp-json\/wp\/v2\/comments?post=22203"}],"version-history":[{"count":0,"href":"https:\/\/www.fresopolis-mallorca.com\/es\/wp-json\/wp\/v2\/pages\/22203\/revisions"}],"wp:featuredmedia":[{"embeddable":true,"href":"https:\/\/www.fresopolis-mallorca.com\/es\/wp-json\/wp\/v2\/media\/22244"}],"wp:attachment":[{"href":"https:\/\/www.fresopolis-mallorca.com\/es\/wp-json\/wp\/v2\/media?parent=22203"}],"curies":[{"name":"wp","href":"https:\/\/api.w.org\/{rel}","templated":true}]}}